{"id":581,"date":"2026-04-12T06:58:11","date_gmt":"2026-04-12T06:58:11","guid":{"rendered":"https:\/\/tiembanhbacongau.azdigi.shop\/?post_type=product&#038;p=581"},"modified":"2026-04-12T07:19:33","modified_gmt":"2026-04-12T07:19:33","slug":"banh-mousse-l-03","status":"publish","type":"product","link":"https:\/\/tiembanhbacongau.azdigi.shop\/?product=banh-mousse-l-03","title":{"rendered":"B\u00e1nh Mousse l 03"},"content":{"rendered":"<p style=\"text-align: justify;\"><span style=\"font-family: 'times new roman', times, serif; color: #000000;\">B\u00e1nh kem mousse tr\u00e1i c\u00e2y l\u00e0 m\u1ed9t t\u00e1c ph\u1ea9m ngh\u1ec7 thu\u1eadt \u1ea9m th\u1ef1c \u0111\u1ed9c \u0111\u00e1o \u0111\u1ebfn t\u1eeb th\u01b0\u01a1ng hi\u1ec7u Ba Con G\u1ea5u. M\u1ed9t n\u1eeda m\u1eb7t b\u00e1nh \u0111\u01b0\u1ee3c ph\u1ee7 l\u1edbp th\u1ea1ch s\u00f4 c\u00f4 la \u0111en b\u00f3ng b\u1ea9y \u0111\u1ea7y quy\u1ebfn r\u0169. N\u1eeda c\u00f2n l\u1ea1i l\u00e0 m\u1ed9t khu v\u01b0\u1eddn tr\u00e1i c\u00e2y nhi\u1ec7t \u0111\u1edbi r\u1ef1c r\u1ee1 v\u00f4 c\u00f9ng b\u1eaft m\u1eaft. D\u00e2u t\u00e2y \u0111\u1ecf m\u1ecdng xen k\u1ebd c\u00f9ng nh\u1eefng l\u00e1t kiwi xanh t\u01b0\u01a1i v\u00e0 m\u00fai cam v\u00e0ng \u00f3ng. Qu\u1ea3 vi\u1ec7t qu\u1ea5t chua nh\u1eb9 c\u00f9ng cherry v\u00e0 nho xanh t\u1ea1o n\u00ean h\u01b0\u01a1ng v\u1ecb b\u00f9ng n\u1ed5. Nh\u1eefng l\u00e1t sung ng\u1ecdt ng\u00e0o \u0111\u01b0\u1ee3c x\u1ebfp kh\u00e9o l\u00e9o tr\u00ean l\u1edbp kem tr\u1eafng mu\u1ed1t b\u00e9o ng\u1eady. Th\u00e2n b\u00e1nh mousse \u0111\u01b0\u1ee3c trang tr\u00ed b\u1eb1ng h\u1ecda ti\u1ebft s\u1ecdc ngang n\u00e2u tr\u1eafng v\u00f4 c\u00f9ng tinh t\u1ebf. S\u1ee3i d\u00e2y th\u1eebng gai th\u1eaft n\u01a1 xinh x\u1eafn mang l\u1ea1i v\u1ebb \u0111\u1eb9p m\u1ed9c m\u1ea1c cho b\u00e1nh. C\u1ed1t b\u00e1nh b\u00f4ng lan m\u1ec1m m\u1ecbn h\u00f2a quy\u1ec7n ho\u00e0n h\u1ea3o c\u00f9ng \u0111\u1ed9 t\u01b0\u01a1i m\u00e1t c\u1ee7a tr\u00e1i c\u00e2y. S\u1ef1 k\u1ebft h\u1ee3p n\u00e0y mang l\u1ea1i m\u1ed9t tr\u1ea3i nghi\u1ec7m \u1ea9m th\u1ef1c th\u1eadt s\u1ef1 r\u1ea5t kh\u00f3 qu\u00ean. Ch\u00fang t\u00f4i cam k\u1ebft lu\u00f4n s\u1eed d\u1ee5ng ngu\u1ed3n nguy\u00ean li\u1ec7u t\u01b0\u01a1i ngon nh\u1ea5t cho m\u1ed7i ng\u00e0y. Chi\u1ebfc b\u00e1nh n\u00e0y ch\u1eafc ch\u1eafn s\u1ebd l\u00e0m cho b\u1eefa ti\u1ec7c c\u1ee7a b\u1ea1n th\u00eam ph\u1ea7n \u0111\u00e1ng nh\u1edb. H\u00e3y nhanh tay \u0111\u1eb7t h\u00e0ng ngay h\u00f4m nay \u0111\u1ec3 mang ni\u1ec1m vui \u0111\u1ebfn cho gia \u0111\u00ecnh.<\/span><\/p>\n","protected":false},"excerpt":{"rendered":"<p><span style=\"font-family: 'times new roman', times, serif; color: #000000;\">Th\u00e2n b\u00e1nh mousse \u0111\u01b0\u1ee3c trang tr\u00ed b\u1eb1ng h\u1ecda ti\u1ebft s\u1ecdc ngang n\u00e2u tr\u1eafng v\u00f4 c\u00f9ng tinh t\u1ebf. S\u1ee3i d\u00e2y th\u1eebng gai th\u1eaft n\u01a1 xinh x\u1eafn mang l\u1ea1i v\u1ebb \u0111\u1eb9p m\u1ed9c m\u1ea1c cho b\u00e1nh. C\u1ed1t b\u00e1nh b\u00f4ng lan m\u1ec1m m\u1ecbn h\u00f2a quy\u1ec7n ho\u00e0n h\u1ea3o c\u00f9ng \u0111\u1ed9 t\u01b0\u01a1i m\u00e1t c\u1ee7a tr\u00e1i c\u00e2y. S\u1ef1 k\u1ebft h\u1ee3p n\u00e0y mang l\u1ea1i m\u1ed9t tr\u1ea3i nghi\u1ec7m \u1ea9m th\u1ef1c th\u1eadt s\u1ef1 r\u1ea5t kh\u00f3 qu\u00ean. <\/span><\/p>\n","protected":false},"featured_media":218,"comment_status":"open","ping_status":"closed","template":"","meta":[],"product_brand":[],"product_cat":[29],"product_tag":[],"class_list":{"0":"post-581","1":"product","2":"type-product","3":"status-publish","4":"has-post-thumbnail","6":"product_cat-banh-mousse-trai-cay","8":"first","9":"instock","10":"shipping-taxable","11":"purchasable","12":"product-type-variable"},"yoast_head":"<!-- This site is optimized with the Yoast SEO plugin v26.8 - https:\/\/yoast.com\/product\/yoast-seo-wordpress\/ -->\n<title>B\u00e1nh Mousse l 03 - TI\u1ec6M B\u00c1NH BA CON G\u1ea4U<\/title>\n<meta name=\"description\" content=\"B\u00e1nh kem mousse tr\u00e1i c\u00e2y l\u00e0 m\u1ed9t t\u00e1c ph\u1ea9m ngh\u1ec7 thu\u1eadt \u1ea9m th\u1ef1c \u0111\u1ed9c \u0111\u00e1o \u0111\u1ebfn t\u1eeb th\u01b0\u01a1ng hi\u1ec7u Ba Con G\u1ea5u. M\u1ed9t n\u1eeda m\u1eb7t b\u00e1nh \u0111\u01b0\u1ee3c ph\u1ee7 l\u1edbp th\u1ea1ch s\u00f4 c\u00f4 la \u0111en b\u00f3ng b\u1ea9y \u0111\u1ea7y quy\u1ebfn r\u0169.\" \/>\n<meta name=\"robots\" content=\"index, follow, max-snippet:-1, max-image-preview:large, max-video-preview:-1\" \/>\n<link rel=\"canonical\" href=\"https:\/\/tiembanhbacongau.azdigi.shop\/?product=banh-mousse-l-03\" \/>\n<meta property=\"og:locale\" content=\"vi_VN\" \/>\n<meta property=\"og:type\" content=\"article\" \/>\n<meta property=\"og:title\" content=\"B\u00e1nh Mousse l 03 - TI\u1ec6M B\u00c1NH BA CON G\u1ea4U\" \/>\n<meta property=\"og:description\" content=\"B\u00e1nh kem mousse tr\u00e1i c\u00e2y l\u00e0 m\u1ed9t t\u00e1c ph\u1ea9m ngh\u1ec7 thu\u1eadt \u1ea9m th\u1ef1c \u0111\u1ed9c \u0111\u00e1o \u0111\u1ebfn t\u1eeb th\u01b0\u01a1ng hi\u1ec7u Ba Con G\u1ea5u. M\u1ed9t n\u1eeda m\u1eb7t b\u00e1nh \u0111\u01b0\u1ee3c ph\u1ee7 l\u1edbp th\u1ea1ch s\u00f4 c\u00f4 la \u0111en b\u00f3ng b\u1ea9y \u0111\u1ea7y quy\u1ebfn r\u0169.\" \/>\n<meta property=\"og:url\" content=\"https:\/\/tiembanhbacongau.azdigi.shop\/?product=banh-mousse-l-03\" \/>\n<meta property=\"og:site_name\" content=\"TI\u1ec6M B\u00c1NH BA CON G\u1ea4U\" \/>\n<meta property=\"article:modified_time\" content=\"2026-04-12T07:19:33+00:00\" \/>\n<meta property=\"og:image\" content=\"https:\/\/tiembanhbacongau.azdigi.shop\/wp-content\/uploads\/2026\/03\/Screenshot-2026-03-06-195553.png\" \/>\n\t<meta property=\"og:image:width\" content=\"428\" \/>\n\t<meta property=\"og:image:height\" content=\"434\" \/>\n\t<meta property=\"og:image:type\" content=\"image\/png\" \/>\n<meta name=\"twitter:card\" content=\"summary_large_image\" \/>\n<meta name=\"twitter:label1\" content=\"\u01af\u1edbc t\u00ednh th\u1eddi gian \u0111\u1ecdc\" \/>\n\t<meta name=\"twitter:data1\" content=\"2 ph\u00fat\" \/>\n<script type=\"application\/ld+json\" class=\"yoast-schema-graph\">{\"@context\":\"https:\/\/schema.org\",\"@graph\":[{\"@type\":\"WebPage\",\"@id\":\"https:\/\/tiembanhbacongau.azdigi.shop\/?product=banh-mousse-l-03\",\"url\":\"https:\/\/tiembanhbacongau.azdigi.shop\/?product=banh-mousse-l-03\",\"name\":\"B\u00e1nh Mousse l 03 - TI\u1ec6M B\u00c1NH BA CON G\u1ea4U\",\"isPartOf\":{\"@id\":\"https:\/\/tiembanhbacongau.azdigi.shop\/#website\"},\"primaryImageOfPage\":{\"@id\":\"https:\/\/tiembanhbacongau.azdigi.shop\/?product=banh-mousse-l-03#primaryimage\"},\"image\":{\"@id\":\"https:\/\/tiembanhbacongau.azdigi.shop\/?product=banh-mousse-l-03#primaryimage\"},\"thumbnailUrl\":\"https:\/\/tiembanhbacongau.azdigi.shop\/wp-content\/uploads\/2026\/03\/Screenshot-2026-03-06-195553.png\",\"datePublished\":\"2026-04-12T06:58:11+00:00\",\"dateModified\":\"2026-04-12T07:19:33+00:00\",\"description\":\"B\u00e1nh kem mousse tr\u00e1i c\u00e2y l\u00e0 m\u1ed9t t\u00e1c ph\u1ea9m ngh\u1ec7 thu\u1eadt \u1ea9m th\u1ef1c \u0111\u1ed9c \u0111\u00e1o \u0111\u1ebfn t\u1eeb th\u01b0\u01a1ng hi\u1ec7u Ba Con G\u1ea5u. M\u1ed9t n\u1eeda m\u1eb7t b\u00e1nh \u0111\u01b0\u1ee3c ph\u1ee7 l\u1edbp th\u1ea1ch s\u00f4 c\u00f4 la \u0111en b\u00f3ng b\u1ea9y \u0111\u1ea7y quy\u1ebfn r\u0169.\",\"breadcrumb\":{\"@id\":\"https:\/\/tiembanhbacongau.azdigi.shop\/?product=banh-mousse-l-03#breadcrumb\"},\"inLanguage\":\"vi\",\"potentialAction\":[{\"@type\":\"ReadAction\",\"target\":[\"https:\/\/tiembanhbacongau.azdigi.shop\/?product=banh-mousse-l-03\"]}]},{\"@type\":\"ImageObject\",\"inLanguage\":\"vi\",\"@id\":\"https:\/\/tiembanhbacongau.azdigi.shop\/?product=banh-mousse-l-03#primaryimage\",\"url\":\"https:\/\/tiembanhbacongau.azdigi.shop\/wp-content\/uploads\/2026\/03\/Screenshot-2026-03-06-195553.png\",\"contentUrl\":\"https:\/\/tiembanhbacongau.azdigi.shop\/wp-content\/uploads\/2026\/03\/Screenshot-2026-03-06-195553.png\",\"width\":428,\"height\":434},{\"@type\":\"BreadcrumbList\",\"@id\":\"https:\/\/tiembanhbacongau.azdigi.shop\/?product=banh-mousse-l-03#breadcrumb\",\"itemListElement\":[{\"@type\":\"ListItem\",\"position\":1,\"name\":\"Trang ch\u1ee7\",\"item\":\"https:\/\/tiembanhbacongau.azdigi.shop\/\"},{\"@type\":\"ListItem\",\"position\":2,\"name\":\"S\u1ea2N PH\u1ea8M\",\"item\":\"https:\/\/tiembanhbacongau.azdigi.shop\/?page_id=331\"},{\"@type\":\"ListItem\",\"position\":3,\"name\":\"B\u00e1nh Mousse l 03\"}]},{\"@type\":\"WebSite\",\"@id\":\"https:\/\/tiembanhbacongau.azdigi.shop\/#website\",\"url\":\"https:\/\/tiembanhbacongau.azdigi.shop\/\",\"name\":\"TI\u1ec6M KH\u00d4 X\u01afA\",\"description\":\"\",\"potentialAction\":[{\"@type\":\"SearchAction\",\"target\":{\"@type\":\"EntryPoint\",\"urlTemplate\":\"https:\/\/tiembanhbacongau.azdigi.shop\/?s={search_term_string}\"},\"query-input\":{\"@type\":\"PropertyValueSpecification\",\"valueRequired\":true,\"valueName\":\"search_term_string\"}}],\"inLanguage\":\"vi\"}]}<\/script>\n<!-- \/ Yoast SEO plugin. -->","yoast_head_json":{"title":"B\u00e1nh Mousse l 03 - TI\u1ec6M B\u00c1NH BA CON G\u1ea4U","description":"B\u00e1nh kem mousse tr\u00e1i c\u00e2y l\u00e0 m\u1ed9t t\u00e1c ph\u1ea9m ngh\u1ec7 thu\u1eadt \u1ea9m th\u1ef1c \u0111\u1ed9c \u0111\u00e1o \u0111\u1ebfn t\u1eeb th\u01b0\u01a1ng hi\u1ec7u Ba Con G\u1ea5u. M\u1ed9t n\u1eeda m\u1eb7t b\u00e1nh \u0111\u01b0\u1ee3c ph\u1ee7 l\u1edbp th\u1ea1ch s\u00f4 c\u00f4 la \u0111en b\u00f3ng b\u1ea9y \u0111\u1ea7y quy\u1ebfn r\u0169.","robots":{"index":"index","follow":"follow","max-snippet":"max-snippet:-1","max-image-preview":"max-image-preview:large","max-video-preview":"max-video-preview:-1"},"canonical":"https:\/\/tiembanhbacongau.azdigi.shop\/?product=banh-mousse-l-03","og_locale":"vi_VN","og_type":"article","og_title":"B\u00e1nh Mousse l 03 - TI\u1ec6M B\u00c1NH BA CON G\u1ea4U","og_description":"B\u00e1nh kem mousse tr\u00e1i c\u00e2y l\u00e0 m\u1ed9t t\u00e1c ph\u1ea9m ngh\u1ec7 thu\u1eadt \u1ea9m th\u1ef1c \u0111\u1ed9c \u0111\u00e1o \u0111\u1ebfn t\u1eeb th\u01b0\u01a1ng hi\u1ec7u Ba Con G\u1ea5u. M\u1ed9t n\u1eeda m\u1eb7t b\u00e1nh \u0111\u01b0\u1ee3c ph\u1ee7 l\u1edbp th\u1ea1ch s\u00f4 c\u00f4 la \u0111en b\u00f3ng b\u1ea9y \u0111\u1ea7y quy\u1ebfn r\u0169.","og_url":"https:\/\/tiembanhbacongau.azdigi.shop\/?product=banh-mousse-l-03","og_site_name":"TI\u1ec6M B\u00c1NH BA CON G\u1ea4U","article_modified_time":"2026-04-12T07:19:33+00:00","og_image":[{"width":428,"height":434,"url":"https:\/\/tiembanhbacongau.azdigi.shop\/wp-content\/uploads\/2026\/03\/Screenshot-2026-03-06-195553.png","type":"image\/png"}],"twitter_card":"summary_large_image","twitter_misc":{"\u01af\u1edbc t\u00ednh th\u1eddi gian \u0111\u1ecdc":"2 ph\u00fat"},"schema":{"@context":"https:\/\/schema.org","@graph":[{"@type":"WebPage","@id":"https:\/\/tiembanhbacongau.azdigi.shop\/?product=banh-mousse-l-03","url":"https:\/\/tiembanhbacongau.azdigi.shop\/?product=banh-mousse-l-03","name":"B\u00e1nh Mousse l 03 - TI\u1ec6M B\u00c1NH BA CON G\u1ea4U","isPartOf":{"@id":"https:\/\/tiembanhbacongau.azdigi.shop\/#website"},"primaryImageOfPage":{"@id":"https:\/\/tiembanhbacongau.azdigi.shop\/?product=banh-mousse-l-03#primaryimage"},"image":{"@id":"https:\/\/tiembanhbacongau.azdigi.shop\/?product=banh-mousse-l-03#primaryimage"},"thumbnailUrl":"https:\/\/tiembanhbacongau.azdigi.shop\/wp-content\/uploads\/2026\/03\/Screenshot-2026-03-06-195553.png","datePublished":"2026-04-12T06:58:11+00:00","dateModified":"2026-04-12T07:19:33+00:00","description":"B\u00e1nh kem mousse tr\u00e1i c\u00e2y l\u00e0 m\u1ed9t t\u00e1c ph\u1ea9m ngh\u1ec7 thu\u1eadt \u1ea9m th\u1ef1c \u0111\u1ed9c \u0111\u00e1o \u0111\u1ebfn t\u1eeb th\u01b0\u01a1ng hi\u1ec7u Ba Con G\u1ea5u. M\u1ed9t n\u1eeda m\u1eb7t b\u00e1nh \u0111\u01b0\u1ee3c ph\u1ee7 l\u1edbp th\u1ea1ch s\u00f4 c\u00f4 la \u0111en b\u00f3ng b\u1ea9y \u0111\u1ea7y quy\u1ebfn r\u0169.","breadcrumb":{"@id":"https:\/\/tiembanhbacongau.azdigi.shop\/?product=banh-mousse-l-03#breadcrumb"},"inLanguage":"vi","potentialAction":[{"@type":"ReadAction","target":["https:\/\/tiembanhbacongau.azdigi.shop\/?product=banh-mousse-l-03"]}]},{"@type":"ImageObject","inLanguage":"vi","@id":"https:\/\/tiembanhbacongau.azdigi.shop\/?product=banh-mousse-l-03#primaryimage","url":"https:\/\/tiembanhbacongau.azdigi.shop\/wp-content\/uploads\/2026\/03\/Screenshot-2026-03-06-195553.png","contentUrl":"https:\/\/tiembanhbacongau.azdigi.shop\/wp-content\/uploads\/2026\/03\/Screenshot-2026-03-06-195553.png","width":428,"height":434},{"@type":"BreadcrumbList","@id":"https:\/\/tiembanhbacongau.azdigi.shop\/?product=banh-mousse-l-03#breadcrumb","itemListElement":[{"@type":"ListItem","position":1,"name":"Trang ch\u1ee7","item":"https:\/\/tiembanhbacongau.azdigi.shop\/"},{"@type":"ListItem","position":2,"name":"S\u1ea2N PH\u1ea8M","item":"https:\/\/tiembanhbacongau.azdigi.shop\/?page_id=331"},{"@type":"ListItem","position":3,"name":"B\u00e1nh Mousse l 03"}]},{"@type":"WebSite","@id":"https:\/\/tiembanhbacongau.azdigi.shop\/#website","url":"https:\/\/tiembanhbacongau.azdigi.shop\/","name":"TI\u1ec6M KH\u00d4 X\u01afA","description":"","potentialAction":[{"@type":"SearchAction","target":{"@type":"EntryPoint","urlTemplate":"https:\/\/tiembanhbacongau.azdigi.shop\/?s={search_term_string}"},"query-input":{"@type":"PropertyValueSpecification","valueRequired":true,"valueName":"search_term_string"}}],"inLanguage":"vi"}]}},"jetpack_sharing_enabled":true,"_links":{"self":[{"href":"https:\/\/tiembanhbacongau.azdigi.shop\/index.php?rest_route=\/wp\/v2\/product\/581","targetHints":{"allow":["GET"]}}],"collection":[{"href":"https:\/\/tiembanhbacongau.azdigi.shop\/index.php?rest_route=\/wp\/v2\/product"}],"about":[{"href":"https:\/\/tiembanhbacongau.azdigi.shop\/index.php?rest_route=\/wp\/v2\/types\/product"}],"replies":[{"embeddable":true,"href":"https:\/\/tiembanhbacongau.azdigi.shop\/index.php?rest_route=%2Fwp%2Fv2%2Fcomments&post=581"}],"wp:featuredmedia":[{"embeddable":true,"href":"https:\/\/tiembanhbacongau.azdigi.shop\/index.php?rest_route=\/wp\/v2\/media\/218"}],"wp:attachment":[{"href":"https:\/\/tiembanhbacongau.azdigi.shop\/index.php?rest_route=%2Fwp%2Fv2%2Fmedia&parent=581"}],"wp:term":[{"taxonomy":"product_brand","embeddable":true,"href":"https:\/\/tiembanhbacongau.azdigi.shop\/index.php?rest_route=%2Fwp%2Fv2%2Fproduct_brand&post=581"},{"taxonomy":"product_cat","embeddable":true,"href":"https:\/\/tiembanhbacongau.azdigi.shop\/index.php?rest_route=%2Fwp%2Fv2%2Fproduct_cat&post=581"},{"taxonomy":"product_tag","embeddable":true,"href":"https:\/\/tiembanhbacongau.azdigi.shop\/index.php?rest_route=%2Fwp%2Fv2%2Fproduct_tag&post=581"}],"curies":[{"name":"wp","href":"https:\/\/api.w.org\/{rel}","templated":true}]}}