{"id":545,"date":"2026-04-12T04:26:12","date_gmt":"2026-04-12T04:26:12","guid":{"rendered":"https:\/\/tiembanhbacongau.azdigi.shop\/?post_type=product&#038;p=545"},"modified":"2026-04-19T06:46:06","modified_gmt":"2026-04-19T06:46:06","slug":"banh-mousse-l-02","status":"publish","type":"product","link":"https:\/\/tiembanhbacongau.azdigi.shop\/?product=banh-mousse-l-02","title":{"rendered":"B\u00e1nh Mousse l 02"},"content":{"rendered":"<p style=\"text-align: justify;\"><span style=\"font-family: 'times new roman', times, serif; color: #000000;\">B\u00e1nh Mousse tr\u00e1i c\u00e2y \u0111\u1ea7y s\u1eafc m\u00e0u r\u1ef1c r\u1ee1 v\u00e0 v\u00f4 c\u00f9ng t\u01b0\u01a1i m\u00e1t n\u00e0y. S\u1ea3n ph\u1ea9m l\u00e0 s\u1ef1 k\u1ebft h\u1ee3p c\u1ee7a m\u01b0\u1eddi l\u00e1t b\u00e1nh mang nh\u1eefng h\u01b0\u01a1ng v\u1ecb tr\u00e1i c\u00e2y ri\u00eang bi\u1ec7t. M\u1ed7i l\u00e1t b\u00e1nh \u0111\u01b0\u1ee3c \u0111\u1eb7t trong m\u1ed9t chi\u1ebfc khay tam gi\u00e1c trong su\u1ed1t c\u1ef1c k\u1ef3 ti\u1ec7n l\u1ee3i. L\u1edbp c\u1ed1t b\u00e1nh m\u1ec1m m\u1ecbn b\u00ean d\u01b0\u1edbi h\u00f2a quy\u1ec7n c\u00f9ng ph\u1ea7n th\u1ea1ch tr\u00e1i c\u00e2y tuy\u1ec7t h\u1ea3o. B\u1ea1n c\u00f3 th\u1ec3 th\u01b0\u1edfng th\u1ee9c h\u01b0\u01a1ng v\u1ecb nho xanh gi\u00f2n ng\u1ecdt hay m\u00fai cam m\u1ecdng n\u01b0\u1edbc. L\u00e1t b\u00e1nh d\u00e2u t\u00e2y \u0111\u1ecf ch\u00f3t v\u00e0 vi\u1ec7t qu\u1ea5t chua nh\u1eb9 s\u1ebd \u0111\u00e1nh th\u1ee9c v\u1ecb gi\u00e1c. V\u1ecb xo\u00e0i th\u01a1m l\u1eebng v\u00e0 v\u1ea3i thi\u1ec1u thanh m\u00e1t mang \u0111\u1ebfn tr\u1ea3i nghi\u1ec7m \u1ea9m th\u1ef1c tuy\u1ec7t v\u1eddi. L\u00e1t b\u00e1nh kiwi xanh c\u00f2n \u0111\u01b0\u1ee3c trang tr\u00ed th\u00eam m\u1ed9t chi\u1ebfc b\u00e1nh quy xo\u1eafn nh\u1ecf. Tr\u00ean m\u1ed7i ph\u1ea7n b\u00e1nh \u0111\u1ec1u \u0111\u01b0\u1ee3c \u0111i\u1ec3m xuy\u1ebft nh\u1eefng b\u00f4ng hoa c\u00fac tr\u1eafng v\u00f4 c\u00f9ng xinh x\u1eafn. Nh\u1eefng vi\u00ean tr\u00e2n ch\u00e2u h\u1ed3ng v\u00e0 nh\u00e1nh l\u00e1 xanh l\u00e0m t\u0103ng th\u00eam v\u1ebb \u0111\u1eb9p sinh \u0111\u1ed9ng. Bliss Box ch\u00ednh l\u00e0 s\u1ef1 l\u1ef1a ch\u1ecdn ho\u00e0n h\u1ea3o cho nh\u1eefng b\u1eefa ti\u1ec7c c\u1ee7a gia \u0111\u00ecnh. M\u1ecdi ng\u01b0\u1eddi c\u00f3 th\u1ec3 d\u1ec5 d\u00e0ng ch\u1ecdn \u0111\u01b0\u1ee3c lo\u1ea1i tr\u00e1i c\u00e2y t\u01b0\u01a1i m\u00e0 m\u00ecnh y\u00eau th\u00edch nh\u1ea5t. Ch\u00fang t\u00f4i lu\u00f4n \u0111\u1ea3m b\u1ea3o s\u1eed d\u1ee5ng ngu\u1ed3n tr\u00e1i c\u00e2y t\u01b0\u01a1i ngon v\u00e0 ch\u1ea5t l\u01b0\u1ee3ng nh\u1ea5t. H\u00e3y \u0111\u1eb7t h\u00e0ng ngay h\u00f4m nay \u0111\u1ec3 mang ni\u1ec1m vui ng\u1ecdt ng\u00e0o \u0111\u1ebfn cho ng\u01b0\u1eddi th\u00e2n.<\/span><\/p>\n","protected":false},"excerpt":{"rendered":"<p style=\"text-align: justify;\"><span style=\"font-family: 'times new roman', times, serif; color: #000000;\">C\u1ed1t b\u00e1nh b\u00f4ng lan b\u00ean trong \u1ea9m x\u1ed1p, tan ngay khi \u0111\u01b0a v\u00e0o mi\u1ec7ng. \u0110i\u1ec3m nh\u1ea5n l\u00e0 nh\u1eefng qu\u1ea3 nh\u00e3n t\u01b0\u01a1i l\u1ed9t v\u1ecf, c\u0103ng m\u1ecdng v\u00e0 ng\u1ecdt thanh. Nh\u00e3n \u0111\u01b0\u1ee3c x\u1ebfp xen k\u1ebd c\u00f9ng nh\u1eefng ch\u00f3p kem nh\u1ecf tr\u00f4ng r\u1ea5t h\u00e0i h\u00f2a.<\/span><\/p>\n","protected":false},"featured_media":290,"comment_status":"open","ping_status":"closed","template":"","meta":[],"product_brand":[],"product_cat":[29],"product_tag":[],"class_list":{"0":"post-545","1":"product","2":"type-product","3":"status-publish","4":"has-post-thumbnail","6":"product_cat-banh-mousse-trai-cay","8":"first","9":"instock","10":"shipping-taxable","11":"purchasable","12":"product-type-variable"},"yoast_head":"<!-- This site is optimized with the Yoast SEO plugin v26.8 - https:\/\/yoast.com\/product\/yoast-seo-wordpress\/ -->\n<title>B\u00e1nh Mousse l 02 - TI\u1ec6M B\u00c1NH BA CON G\u1ea4U<\/title>\n<meta name=\"description\" content=\"B\u00e1nh Mousse v\u00f4 c\u00f9ng thanh l\u1ecbch v\u00e0 tinh t\u1ebf c\u00f9ng v\u1edbi l\u1edbp kem t\u01b0\u01a1i tr\u1eafng mu\u1ed1t \u0111\u01b0\u1ee3c \u0111\u00e1nh b\u00f4ng c\u1ef1c k\u1ef3 m\u1ec1m m\u1ecbn v\u00e0 b\u00e9o ng\u1eady\" \/>\n<meta name=\"robots\" content=\"index, follow, max-snippet:-1, max-image-preview:large, max-video-preview:-1\" \/>\n<link rel=\"canonical\" href=\"https:\/\/tiembanhbacongau.azdigi.shop\/?product=banh-mousse-l-02\" \/>\n<meta property=\"og:locale\" content=\"vi_VN\" \/>\n<meta property=\"og:type\" content=\"article\" \/>\n<meta property=\"og:title\" content=\"B\u00e1nh Mousse l 02 - TI\u1ec6M B\u00c1NH BA CON G\u1ea4U\" \/>\n<meta property=\"og:description\" content=\"B\u00e1nh Mousse v\u00f4 c\u00f9ng thanh l\u1ecbch v\u00e0 tinh t\u1ebf c\u00f9ng v\u1edbi l\u1edbp kem t\u01b0\u01a1i tr\u1eafng mu\u1ed1t \u0111\u01b0\u1ee3c \u0111\u00e1nh b\u00f4ng c\u1ef1c k\u1ef3 m\u1ec1m m\u1ecbn v\u00e0 b\u00e9o ng\u1eady\" \/>\n<meta property=\"og:url\" content=\"https:\/\/tiembanhbacongau.azdigi.shop\/?product=banh-mousse-l-02\" \/>\n<meta property=\"og:site_name\" content=\"TI\u1ec6M B\u00c1NH BA CON G\u1ea4U\" \/>\n<meta property=\"article:modified_time\" content=\"2026-04-19T06:46:06+00:00\" \/>\n<meta property=\"og:image\" content=\"https:\/\/tiembanhbacongau.azdigi.shop\/wp-content\/uploads\/2026\/03\/527247878_1083307913890023_7292263410727588600_n-e1772873821979.jpg\" \/>\n\t<meta property=\"og:image:width\" content=\"1116\" \/>\n\t<meta property=\"og:image:height\" content=\"1113\" \/>\n\t<meta property=\"og:image:type\" content=\"image\/jpeg\" \/>\n<meta name=\"twitter:card\" content=\"summary_large_image\" \/>\n<meta name=\"twitter:label1\" content=\"\u01af\u1edbc t\u00ednh th\u1eddi gian \u0111\u1ecdc\" \/>\n\t<meta name=\"twitter:data1\" content=\"2 ph\u00fat\" \/>\n<script type=\"application\/ld+json\" class=\"yoast-schema-graph\">{\"@context\":\"https:\/\/schema.org\",\"@graph\":[{\"@type\":\"WebPage\",\"@id\":\"https:\/\/tiembanhbacongau.azdigi.shop\/?product=banh-mousse-l-02\",\"url\":\"https:\/\/tiembanhbacongau.azdigi.shop\/?product=banh-mousse-l-02\",\"name\":\"B\u00e1nh Mousse l 02 - TI\u1ec6M B\u00c1NH BA CON G\u1ea4U\",\"isPartOf\":{\"@id\":\"https:\/\/tiembanhbacongau.azdigi.shop\/#website\"},\"primaryImageOfPage\":{\"@id\":\"https:\/\/tiembanhbacongau.azdigi.shop\/?product=banh-mousse-l-02#primaryimage\"},\"image\":{\"@id\":\"https:\/\/tiembanhbacongau.azdigi.shop\/?product=banh-mousse-l-02#primaryimage\"},\"thumbnailUrl\":\"https:\/\/tiembanhbacongau.azdigi.shop\/wp-content\/uploads\/2026\/03\/527247878_1083307913890023_7292263410727588600_n-e1772873821979.jpg\",\"datePublished\":\"2026-04-12T04:26:12+00:00\",\"dateModified\":\"2026-04-19T06:46:06+00:00\",\"description\":\"B\u00e1nh Mousse v\u00f4 c\u00f9ng thanh l\u1ecbch v\u00e0 tinh t\u1ebf c\u00f9ng v\u1edbi l\u1edbp kem t\u01b0\u01a1i tr\u1eafng mu\u1ed1t \u0111\u01b0\u1ee3c \u0111\u00e1nh b\u00f4ng c\u1ef1c k\u1ef3 m\u1ec1m m\u1ecbn v\u00e0 b\u00e9o ng\u1eady\",\"breadcrumb\":{\"@id\":\"https:\/\/tiembanhbacongau.azdigi.shop\/?product=banh-mousse-l-02#breadcrumb\"},\"inLanguage\":\"vi\",\"potentialAction\":[{\"@type\":\"ReadAction\",\"target\":[\"https:\/\/tiembanhbacongau.azdigi.shop\/?product=banh-mousse-l-02\"]}]},{\"@type\":\"ImageObject\",\"inLanguage\":\"vi\",\"@id\":\"https:\/\/tiembanhbacongau.azdigi.shop\/?product=banh-mousse-l-02#primaryimage\",\"url\":\"https:\/\/tiembanhbacongau.azdigi.shop\/wp-content\/uploads\/2026\/03\/527247878_1083307913890023_7292263410727588600_n-e1772873821979.jpg\",\"contentUrl\":\"https:\/\/tiembanhbacongau.azdigi.shop\/wp-content\/uploads\/2026\/03\/527247878_1083307913890023_7292263410727588600_n-e1772873821979.jpg\",\"width\":1116,\"height\":1113},{\"@type\":\"BreadcrumbList\",\"@id\":\"https:\/\/tiembanhbacongau.azdigi.shop\/?product=banh-mousse-l-02#breadcrumb\",\"itemListElement\":[{\"@type\":\"ListItem\",\"position\":1,\"name\":\"Trang ch\u1ee7\",\"item\":\"https:\/\/tiembanhbacongau.azdigi.shop\/\"},{\"@type\":\"ListItem\",\"position\":2,\"name\":\"S\u1ea2N PH\u1ea8M\",\"item\":\"https:\/\/tiembanhbacongau.azdigi.shop\/?page_id=331\"},{\"@type\":\"ListItem\",\"position\":3,\"name\":\"B\u00e1nh Mousse l 02\"}]},{\"@type\":\"WebSite\",\"@id\":\"https:\/\/tiembanhbacongau.azdigi.shop\/#website\",\"url\":\"https:\/\/tiembanhbacongau.azdigi.shop\/\",\"name\":\"TI\u1ec6M KH\u00d4 X\u01afA\",\"description\":\"\",\"potentialAction\":[{\"@type\":\"SearchAction\",\"target\":{\"@type\":\"EntryPoint\",\"urlTemplate\":\"https:\/\/tiembanhbacongau.azdigi.shop\/?s={search_term_string}\"},\"query-input\":{\"@type\":\"PropertyValueSpecification\",\"valueRequired\":true,\"valueName\":\"search_term_string\"}}],\"inLanguage\":\"vi\"}]}<\/script>\n<!-- \/ Yoast SEO plugin. -->","yoast_head_json":{"title":"B\u00e1nh Mousse l 02 - TI\u1ec6M B\u00c1NH BA CON G\u1ea4U","description":"B\u00e1nh Mousse v\u00f4 c\u00f9ng thanh l\u1ecbch v\u00e0 tinh t\u1ebf c\u00f9ng v\u1edbi l\u1edbp kem t\u01b0\u01a1i tr\u1eafng mu\u1ed1t \u0111\u01b0\u1ee3c \u0111\u00e1nh b\u00f4ng c\u1ef1c k\u1ef3 m\u1ec1m m\u1ecbn v\u00e0 b\u00e9o ng\u1eady","robots":{"index":"index","follow":"follow","max-snippet":"max-snippet:-1","max-image-preview":"max-image-preview:large","max-video-preview":"max-video-preview:-1"},"canonical":"https:\/\/tiembanhbacongau.azdigi.shop\/?product=banh-mousse-l-02","og_locale":"vi_VN","og_type":"article","og_title":"B\u00e1nh Mousse l 02 - TI\u1ec6M B\u00c1NH BA CON G\u1ea4U","og_description":"B\u00e1nh Mousse v\u00f4 c\u00f9ng thanh l\u1ecbch v\u00e0 tinh t\u1ebf c\u00f9ng v\u1edbi l\u1edbp kem t\u01b0\u01a1i tr\u1eafng mu\u1ed1t \u0111\u01b0\u1ee3c \u0111\u00e1nh b\u00f4ng c\u1ef1c k\u1ef3 m\u1ec1m m\u1ecbn v\u00e0 b\u00e9o ng\u1eady","og_url":"https:\/\/tiembanhbacongau.azdigi.shop\/?product=banh-mousse-l-02","og_site_name":"TI\u1ec6M B\u00c1NH BA CON G\u1ea4U","article_modified_time":"2026-04-19T06:46:06+00:00","og_image":[{"width":1116,"height":1113,"url":"https:\/\/tiembanhbacongau.azdigi.shop\/wp-content\/uploads\/2026\/03\/527247878_1083307913890023_7292263410727588600_n-e1772873821979.jpg","type":"image\/jpeg"}],"twitter_card":"summary_large_image","twitter_misc":{"\u01af\u1edbc t\u00ednh th\u1eddi gian \u0111\u1ecdc":"2 ph\u00fat"},"schema":{"@context":"https:\/\/schema.org","@graph":[{"@type":"WebPage","@id":"https:\/\/tiembanhbacongau.azdigi.shop\/?product=banh-mousse-l-02","url":"https:\/\/tiembanhbacongau.azdigi.shop\/?product=banh-mousse-l-02","name":"B\u00e1nh Mousse l 02 - TI\u1ec6M B\u00c1NH BA CON G\u1ea4U","isPartOf":{"@id":"https:\/\/tiembanhbacongau.azdigi.shop\/#website"},"primaryImageOfPage":{"@id":"https:\/\/tiembanhbacongau.azdigi.shop\/?product=banh-mousse-l-02#primaryimage"},"image":{"@id":"https:\/\/tiembanhbacongau.azdigi.shop\/?product=banh-mousse-l-02#primaryimage"},"thumbnailUrl":"https:\/\/tiembanhbacongau.azdigi.shop\/wp-content\/uploads\/2026\/03\/527247878_1083307913890023_7292263410727588600_n-e1772873821979.jpg","datePublished":"2026-04-12T04:26:12+00:00","dateModified":"2026-04-19T06:46:06+00:00","description":"B\u00e1nh Mousse v\u00f4 c\u00f9ng thanh l\u1ecbch v\u00e0 tinh t\u1ebf c\u00f9ng v\u1edbi l\u1edbp kem t\u01b0\u01a1i tr\u1eafng mu\u1ed1t \u0111\u01b0\u1ee3c \u0111\u00e1nh b\u00f4ng c\u1ef1c k\u1ef3 m\u1ec1m m\u1ecbn v\u00e0 b\u00e9o ng\u1eady","breadcrumb":{"@id":"https:\/\/tiembanhbacongau.azdigi.shop\/?product=banh-mousse-l-02#breadcrumb"},"inLanguage":"vi","potentialAction":[{"@type":"ReadAction","target":["https:\/\/tiembanhbacongau.azdigi.shop\/?product=banh-mousse-l-02"]}]},{"@type":"ImageObject","inLanguage":"vi","@id":"https:\/\/tiembanhbacongau.azdigi.shop\/?product=banh-mousse-l-02#primaryimage","url":"https:\/\/tiembanhbacongau.azdigi.shop\/wp-content\/uploads\/2026\/03\/527247878_1083307913890023_7292263410727588600_n-e1772873821979.jpg","contentUrl":"https:\/\/tiembanhbacongau.azdigi.shop\/wp-content\/uploads\/2026\/03\/527247878_1083307913890023_7292263410727588600_n-e1772873821979.jpg","width":1116,"height":1113},{"@type":"BreadcrumbList","@id":"https:\/\/tiembanhbacongau.azdigi.shop\/?product=banh-mousse-l-02#breadcrumb","itemListElement":[{"@type":"ListItem","position":1,"name":"Trang ch\u1ee7","item":"https:\/\/tiembanhbacongau.azdigi.shop\/"},{"@type":"ListItem","position":2,"name":"S\u1ea2N PH\u1ea8M","item":"https:\/\/tiembanhbacongau.azdigi.shop\/?page_id=331"},{"@type":"ListItem","position":3,"name":"B\u00e1nh Mousse l 02"}]},{"@type":"WebSite","@id":"https:\/\/tiembanhbacongau.azdigi.shop\/#website","url":"https:\/\/tiembanhbacongau.azdigi.shop\/","name":"TI\u1ec6M KH\u00d4 X\u01afA","description":"","potentialAction":[{"@type":"SearchAction","target":{"@type":"EntryPoint","urlTemplate":"https:\/\/tiembanhbacongau.azdigi.shop\/?s={search_term_string}"},"query-input":{"@type":"PropertyValueSpecification","valueRequired":true,"valueName":"search_term_string"}}],"inLanguage":"vi"}]}},"jetpack_sharing_enabled":true,"_links":{"self":[{"href":"https:\/\/tiembanhbacongau.azdigi.shop\/index.php?rest_route=\/wp\/v2\/product\/545","targetHints":{"allow":["GET"]}}],"collection":[{"href":"https:\/\/tiembanhbacongau.azdigi.shop\/index.php?rest_route=\/wp\/v2\/product"}],"about":[{"href":"https:\/\/tiembanhbacongau.azdigi.shop\/index.php?rest_route=\/wp\/v2\/types\/product"}],"replies":[{"embeddable":true,"href":"https:\/\/tiembanhbacongau.azdigi.shop\/index.php?rest_route=%2Fwp%2Fv2%2Fcomments&post=545"}],"wp:featuredmedia":[{"embeddable":true,"href":"https:\/\/tiembanhbacongau.azdigi.shop\/index.php?rest_route=\/wp\/v2\/media\/290"}],"wp:attachment":[{"href":"https:\/\/tiembanhbacongau.azdigi.shop\/index.php?rest_route=%2Fwp%2Fv2%2Fmedia&parent=545"}],"wp:term":[{"taxonomy":"product_brand","embeddable":true,"href":"https:\/\/tiembanhbacongau.azdigi.shop\/index.php?rest_route=%2Fwp%2Fv2%2Fproduct_brand&post=545"},{"taxonomy":"product_cat","embeddable":true,"href":"https:\/\/tiembanhbacongau.azdigi.shop\/index.php?rest_route=%2Fwp%2Fv2%2Fproduct_cat&post=545"},{"taxonomy":"product_tag","embeddable":true,"href":"https:\/\/tiembanhbacongau.azdigi.shop\/index.php?rest_route=%2Fwp%2Fv2%2Fproduct_tag&post=545"}],"curies":[{"name":"wp","href":"https:\/\/api.w.org\/{rel}","templated":true}]}}