{"id":541,"date":"2026-04-12T04:07:35","date_gmt":"2026-04-12T04:07:35","guid":{"rendered":"https:\/\/tiembanhbacongau.azdigi.shop\/?post_type=product&#038;p=541"},"modified":"2026-04-12T04:07:35","modified_gmt":"2026-04-12T04:07:35","slug":"banh-mousse-l-01","status":"publish","type":"product","link":"https:\/\/tiembanhbacongau.azdigi.shop\/?product=banh-mousse-l-01","title":{"rendered":"B\u00e1nh Mousse l 01"},"content":{"rendered":"<p style=\"text-align: justify;\"><span style=\"font-family: 'times new roman', times, serif; color: #000000;\">B\u00e1nh Mousse v\u00f4 c\u00f9ng thanh l\u1ecbch v\u00e0 tinh t\u1ebf n\u00e0y. \u0110\u00e2y l\u00e0 m\u1ed9t t\u00e1c ph\u1ea9m ngh\u1ec7 thu\u1eadt ng\u1ecdt ng\u00e0o d\u00e0nh cho ng\u00e0y sinh nh\u1eadt. L\u1edbp kem t\u01b0\u01a1i tr\u1eafng mu\u1ed1t \u0111\u01b0\u1ee3c \u0111\u00e1nh b\u00f4ng c\u1ef1c k\u1ef3 m\u1ec1m m\u1ecbn v\u00e0 b\u00e9o ng\u1eady. C\u1ed1t b\u00e1nh b\u00f4ng lan b\u00ean trong \u1ea9m x\u1ed1p, tan ngay khi \u0111\u01b0a v\u00e0o mi\u1ec7ng. \u0110i\u1ec3m nh\u1ea5n l\u00e0 nh\u1eefng qu\u1ea3 nh\u00e3n t\u01b0\u01a1i l\u1ed9t v\u1ecf, c\u0103ng m\u1ecdng v\u00e0 ng\u1ecdt thanh. Nh\u00e3n \u0111\u01b0\u1ee3c x\u1ebfp xen k\u1ebd c\u00f9ng nh\u1eefng ch\u00f3p kem nh\u1ecf tr\u00f4ng r\u1ea5t h\u00e0i h\u00f2a. M\u1ed9t v\u00f2ng l\u00e1 xanh m\u1ecfng manh bao quanh m\u1eb7t b\u00e1nh v\u00f4 c\u00f9ng sinh \u0111\u1ed9ng. Trung t\u00e2m l\u00e0 h\u1ea1t dinh d\u01b0\u1ee1ng c\u00f9ng m\u1ed9t b\u00f4ng hoa c\u00fac tr\u1eafng nh\u1ecf xinh x\u1eafn. V\u00e0i \u0111i\u1ec3m nh\u1ea5n m\u00e0u \u0111\u1ecf li ti r\u1eafc nh\u1eb9 tr\u00ean m\u1eb7t b\u00e1nh th\u1eadt n\u1ed5i b\u1eadt. H\u01b0\u01a1ng v\u1ecb tr\u00e1i c\u00e2y t\u1ef1 nhi\u00ean c\u00e2n b\u1eb1ng ho\u00e0n h\u1ea3o \u0111\u1ed9 ng\u1ecdt c\u1ee7a l\u1edbp kem. Thi\u1ebft k\u1ebf b\u00e1nh mang \u0111\u1eadm phong c\u00e1ch t\u1ed1i gi\u1ea3n nh\u01b0ng v\u00f4 c\u00f9ng sang tr\u1ecdng. L\u1edbp m\u00e0ng trong su\u1ed1t bao quanh gi\u00fap gi\u1eef phom b\u00e1nh lu\u00f4n \u0111\u01b0\u1ee3c ho\u00e0n h\u1ea3o. D\u00f2ng ch\u1eef ch\u00fac m\u1eebng m\u1edd \u1ea3o tr\u00ean m\u00e0ng b\u1ecdc t\u1ea1o th\u00eam ph\u1ea7n \u00fd ngh\u0129a. S\u1ea3n ph\u1ea9m n\u00e0y ch\u1eafc ch\u1eafn s\u1ebd l\u00e0m h\u00e0i l\u00f2ng m\u1ecdi th\u1ef1c kh\u00e1ch kh\u00f3 t\u00ednh nh\u1ea5t. Ch\u00fang t\u00f4i lu\u00f4n ch\u1ecdn l\u1ef1a nguy\u00ean li\u1ec7u t\u01b0\u01a1i ngon nh\u1ea5t \u0111\u1ec3 ph\u1ee5c v\u1ee5 b\u1ea1n. H\u00e3y \u0111\u1eb7t ngay chi\u1ebfc b\u00e1nh n\u00e0y \u0111\u1ec3 mang l\u1ea1i ni\u1ec1m vui cho ng\u01b0\u1eddi th\u01b0\u01a1ng.<\/span><\/p>\n","protected":false},"excerpt":{"rendered":"<p><span style=\"font-family: 'times new roman', times, serif; color: #000000;\">C\u1ed1t b\u00e1nh b\u00f4ng lan b\u00ean trong \u1ea9m x\u1ed1p, tan ngay khi \u0111\u01b0a v\u00e0o mi\u1ec7ng. \u0110i\u1ec3m nh\u1ea5n l\u00e0 nh\u1eefng qu\u1ea3 nh\u00e3n t\u01b0\u01a1i l\u1ed9t v\u1ecf, c\u0103ng m\u1ecdng v\u00e0 ng\u1ecdt thanh. Nh\u00e3n \u0111\u01b0\u1ee3c x\u1ebfp xen k\u1ebd c\u00f9ng nh\u1eefng ch\u00f3p kem nh\u1ecf tr\u00f4ng r\u1ea5t h\u00e0i h\u00f2a.<\/span><\/p>\n","protected":false},"featured_media":289,"comment_status":"open","ping_status":"closed","template":"","meta":[],"product_brand":[],"product_cat":[29],"product_tag":[],"class_list":{"0":"post-541","1":"product","2":"type-product","3":"status-publish","4":"has-post-thumbnail","6":"product_cat-banh-mousse-trai-cay","8":"first","9":"instock","10":"shipping-taxable","11":"purchasable","12":"product-type-variable"},"yoast_head":"<!-- This site is optimized with the Yoast SEO plugin v26.8 - https:\/\/yoast.com\/product\/yoast-seo-wordpress\/ -->\n<title>B\u00e1nh Mousse l 01 - TI\u1ec6M B\u00c1NH BA CON G\u1ea4U<\/title>\n<meta name=\"description\" content=\"B\u00e1nh Mousse v\u00f4 c\u00f9ng thanh l\u1ecbch v\u00e0 tinh t\u1ebf n\u00e0y. \u0110\u00e2y l\u00e0 m\u1ed9t t\u00e1c ph\u1ea9m ngh\u1ec7 thu\u1eadt ng\u1ecdt ng\u00e0o d\u00e0nh cho ng\u00e0y sinh nh\u1eadt. L\u1edbp kem t\u01b0\u01a1i tr\u1eafng mu\u1ed1t \u0111\u01b0\u1ee3c \u0111\u00e1nh b\u00f4ng c\u1ef1c k\u1ef3 m\u1ec1m m\u1ecbn v\u00e0 b\u00e9o ng\u1eady.\" \/>\n<meta name=\"robots\" content=\"index, follow, max-snippet:-1, max-image-preview:large, max-video-preview:-1\" \/>\n<link rel=\"canonical\" href=\"https:\/\/tiembanhbacongau.azdigi.shop\/?product=banh-mousse-l-01\" \/>\n<meta property=\"og:locale\" content=\"vi_VN\" \/>\n<meta property=\"og:type\" content=\"article\" \/>\n<meta property=\"og:title\" content=\"B\u00e1nh Mousse l 01 - TI\u1ec6M B\u00c1NH BA CON G\u1ea4U\" \/>\n<meta property=\"og:description\" content=\"B\u00e1nh Mousse v\u00f4 c\u00f9ng thanh l\u1ecbch v\u00e0 tinh t\u1ebf n\u00e0y. \u0110\u00e2y l\u00e0 m\u1ed9t t\u00e1c ph\u1ea9m ngh\u1ec7 thu\u1eadt ng\u1ecdt ng\u00e0o d\u00e0nh cho ng\u00e0y sinh nh\u1eadt. L\u1edbp kem t\u01b0\u01a1i tr\u1eafng mu\u1ed1t \u0111\u01b0\u1ee3c \u0111\u00e1nh b\u00f4ng c\u1ef1c k\u1ef3 m\u1ec1m m\u1ecbn v\u00e0 b\u00e9o ng\u1eady.\" \/>\n<meta property=\"og:url\" content=\"https:\/\/tiembanhbacongau.azdigi.shop\/?product=banh-mousse-l-01\" \/>\n<meta property=\"og:site_name\" content=\"TI\u1ec6M B\u00c1NH BA CON G\u1ea4U\" \/>\n<meta property=\"og:image\" content=\"https:\/\/tiembanhbacongau.azdigi.shop\/wp-content\/uploads\/2026\/03\/515056094_1058749229679225_1942284200933276343_n-e1772873776241.jpg\" \/>\n\t<meta property=\"og:image:width\" content=\"1092\" \/>\n\t<meta property=\"og:image:height\" content=\"1090\" \/>\n\t<meta property=\"og:image:type\" content=\"image\/jpeg\" \/>\n<meta name=\"twitter:card\" content=\"summary_large_image\" \/>\n<meta name=\"twitter:label1\" content=\"\u01af\u1edbc t\u00ednh th\u1eddi gian \u0111\u1ecdc\" \/>\n\t<meta name=\"twitter:data1\" content=\"2 ph\u00fat\" \/>\n<script type=\"application\/ld+json\" class=\"yoast-schema-graph\">{\"@context\":\"https:\/\/schema.org\",\"@graph\":[{\"@type\":\"WebPage\",\"@id\":\"https:\/\/tiembanhbacongau.azdigi.shop\/?product=banh-mousse-l-01\",\"url\":\"https:\/\/tiembanhbacongau.azdigi.shop\/?product=banh-mousse-l-01\",\"name\":\"B\u00e1nh Mousse l 01 - TI\u1ec6M B\u00c1NH BA CON G\u1ea4U\",\"isPartOf\":{\"@id\":\"https:\/\/tiembanhbacongau.azdigi.shop\/#website\"},\"primaryImageOfPage\":{\"@id\":\"https:\/\/tiembanhbacongau.azdigi.shop\/?product=banh-mousse-l-01#primaryimage\"},\"image\":{\"@id\":\"https:\/\/tiembanhbacongau.azdigi.shop\/?product=banh-mousse-l-01#primaryimage\"},\"thumbnailUrl\":\"https:\/\/tiembanhbacongau.azdigi.shop\/wp-content\/uploads\/2026\/03\/515056094_1058749229679225_1942284200933276343_n-e1772873776241.jpg\",\"datePublished\":\"2026-04-12T04:07:35+00:00\",\"description\":\"B\u00e1nh Mousse v\u00f4 c\u00f9ng thanh l\u1ecbch v\u00e0 tinh t\u1ebf n\u00e0y. \u0110\u00e2y l\u00e0 m\u1ed9t t\u00e1c ph\u1ea9m ngh\u1ec7 thu\u1eadt ng\u1ecdt ng\u00e0o d\u00e0nh cho ng\u00e0y sinh nh\u1eadt. L\u1edbp kem t\u01b0\u01a1i tr\u1eafng mu\u1ed1t \u0111\u01b0\u1ee3c \u0111\u00e1nh b\u00f4ng c\u1ef1c k\u1ef3 m\u1ec1m m\u1ecbn v\u00e0 b\u00e9o ng\u1eady.\",\"breadcrumb\":{\"@id\":\"https:\/\/tiembanhbacongau.azdigi.shop\/?product=banh-mousse-l-01#breadcrumb\"},\"inLanguage\":\"vi\",\"potentialAction\":[{\"@type\":\"ReadAction\",\"target\":[\"https:\/\/tiembanhbacongau.azdigi.shop\/?product=banh-mousse-l-01\"]}]},{\"@type\":\"ImageObject\",\"inLanguage\":\"vi\",\"@id\":\"https:\/\/tiembanhbacongau.azdigi.shop\/?product=banh-mousse-l-01#primaryimage\",\"url\":\"https:\/\/tiembanhbacongau.azdigi.shop\/wp-content\/uploads\/2026\/03\/515056094_1058749229679225_1942284200933276343_n-e1772873776241.jpg\",\"contentUrl\":\"https:\/\/tiembanhbacongau.azdigi.shop\/wp-content\/uploads\/2026\/03\/515056094_1058749229679225_1942284200933276343_n-e1772873776241.jpg\",\"width\":1092,\"height\":1090},{\"@type\":\"BreadcrumbList\",\"@id\":\"https:\/\/tiembanhbacongau.azdigi.shop\/?product=banh-mousse-l-01#breadcrumb\",\"itemListElement\":[{\"@type\":\"ListItem\",\"position\":1,\"name\":\"Trang ch\u1ee7\",\"item\":\"https:\/\/tiembanhbacongau.azdigi.shop\/\"},{\"@type\":\"ListItem\",\"position\":2,\"name\":\"S\u1ea2N PH\u1ea8M\",\"item\":\"https:\/\/tiembanhbacongau.azdigi.shop\/?page_id=331\"},{\"@type\":\"ListItem\",\"position\":3,\"name\":\"B\u00e1nh Mousse l 01\"}]},{\"@type\":\"WebSite\",\"@id\":\"https:\/\/tiembanhbacongau.azdigi.shop\/#website\",\"url\":\"https:\/\/tiembanhbacongau.azdigi.shop\/\",\"name\":\"TI\u1ec6M KH\u00d4 X\u01afA\",\"description\":\"\",\"potentialAction\":[{\"@type\":\"SearchAction\",\"target\":{\"@type\":\"EntryPoint\",\"urlTemplate\":\"https:\/\/tiembanhbacongau.azdigi.shop\/?s={search_term_string}\"},\"query-input\":{\"@type\":\"PropertyValueSpecification\",\"valueRequired\":true,\"valueName\":\"search_term_string\"}}],\"inLanguage\":\"vi\"}]}<\/script>\n<!-- \/ Yoast SEO plugin. -->","yoast_head_json":{"title":"B\u00e1nh Mousse l 01 - TI\u1ec6M B\u00c1NH BA CON G\u1ea4U","description":"B\u00e1nh Mousse v\u00f4 c\u00f9ng thanh l\u1ecbch v\u00e0 tinh t\u1ebf n\u00e0y. \u0110\u00e2y l\u00e0 m\u1ed9t t\u00e1c ph\u1ea9m ngh\u1ec7 thu\u1eadt ng\u1ecdt ng\u00e0o d\u00e0nh cho ng\u00e0y sinh nh\u1eadt. L\u1edbp kem t\u01b0\u01a1i tr\u1eafng mu\u1ed1t \u0111\u01b0\u1ee3c \u0111\u00e1nh b\u00f4ng c\u1ef1c k\u1ef3 m\u1ec1m m\u1ecbn v\u00e0 b\u00e9o ng\u1eady.","robots":{"index":"index","follow":"follow","max-snippet":"max-snippet:-1","max-image-preview":"max-image-preview:large","max-video-preview":"max-video-preview:-1"},"canonical":"https:\/\/tiembanhbacongau.azdigi.shop\/?product=banh-mousse-l-01","og_locale":"vi_VN","og_type":"article","og_title":"B\u00e1nh Mousse l 01 - TI\u1ec6M B\u00c1NH BA CON G\u1ea4U","og_description":"B\u00e1nh Mousse v\u00f4 c\u00f9ng thanh l\u1ecbch v\u00e0 tinh t\u1ebf n\u00e0y. \u0110\u00e2y l\u00e0 m\u1ed9t t\u00e1c ph\u1ea9m ngh\u1ec7 thu\u1eadt ng\u1ecdt ng\u00e0o d\u00e0nh cho ng\u00e0y sinh nh\u1eadt. L\u1edbp kem t\u01b0\u01a1i tr\u1eafng mu\u1ed1t \u0111\u01b0\u1ee3c \u0111\u00e1nh b\u00f4ng c\u1ef1c k\u1ef3 m\u1ec1m m\u1ecbn v\u00e0 b\u00e9o ng\u1eady.","og_url":"https:\/\/tiembanhbacongau.azdigi.shop\/?product=banh-mousse-l-01","og_site_name":"TI\u1ec6M B\u00c1NH BA CON G\u1ea4U","og_image":[{"width":1092,"height":1090,"url":"https:\/\/tiembanhbacongau.azdigi.shop\/wp-content\/uploads\/2026\/03\/515056094_1058749229679225_1942284200933276343_n-e1772873776241.jpg","type":"image\/jpeg"}],"twitter_card":"summary_large_image","twitter_misc":{"\u01af\u1edbc t\u00ednh th\u1eddi gian \u0111\u1ecdc":"2 ph\u00fat"},"schema":{"@context":"https:\/\/schema.org","@graph":[{"@type":"WebPage","@id":"https:\/\/tiembanhbacongau.azdigi.shop\/?product=banh-mousse-l-01","url":"https:\/\/tiembanhbacongau.azdigi.shop\/?product=banh-mousse-l-01","name":"B\u00e1nh Mousse l 01 - TI\u1ec6M B\u00c1NH BA CON G\u1ea4U","isPartOf":{"@id":"https:\/\/tiembanhbacongau.azdigi.shop\/#website"},"primaryImageOfPage":{"@id":"https:\/\/tiembanhbacongau.azdigi.shop\/?product=banh-mousse-l-01#primaryimage"},"image":{"@id":"https:\/\/tiembanhbacongau.azdigi.shop\/?product=banh-mousse-l-01#primaryimage"},"thumbnailUrl":"https:\/\/tiembanhbacongau.azdigi.shop\/wp-content\/uploads\/2026\/03\/515056094_1058749229679225_1942284200933276343_n-e1772873776241.jpg","datePublished":"2026-04-12T04:07:35+00:00","description":"B\u00e1nh Mousse v\u00f4 c\u00f9ng thanh l\u1ecbch v\u00e0 tinh t\u1ebf n\u00e0y. \u0110\u00e2y l\u00e0 m\u1ed9t t\u00e1c ph\u1ea9m ngh\u1ec7 thu\u1eadt ng\u1ecdt ng\u00e0o d\u00e0nh cho ng\u00e0y sinh nh\u1eadt. L\u1edbp kem t\u01b0\u01a1i tr\u1eafng mu\u1ed1t \u0111\u01b0\u1ee3c \u0111\u00e1nh b\u00f4ng c\u1ef1c k\u1ef3 m\u1ec1m m\u1ecbn v\u00e0 b\u00e9o ng\u1eady.","breadcrumb":{"@id":"https:\/\/tiembanhbacongau.azdigi.shop\/?product=banh-mousse-l-01#breadcrumb"},"inLanguage":"vi","potentialAction":[{"@type":"ReadAction","target":["https:\/\/tiembanhbacongau.azdigi.shop\/?product=banh-mousse-l-01"]}]},{"@type":"ImageObject","inLanguage":"vi","@id":"https:\/\/tiembanhbacongau.azdigi.shop\/?product=banh-mousse-l-01#primaryimage","url":"https:\/\/tiembanhbacongau.azdigi.shop\/wp-content\/uploads\/2026\/03\/515056094_1058749229679225_1942284200933276343_n-e1772873776241.jpg","contentUrl":"https:\/\/tiembanhbacongau.azdigi.shop\/wp-content\/uploads\/2026\/03\/515056094_1058749229679225_1942284200933276343_n-e1772873776241.jpg","width":1092,"height":1090},{"@type":"BreadcrumbList","@id":"https:\/\/tiembanhbacongau.azdigi.shop\/?product=banh-mousse-l-01#breadcrumb","itemListElement":[{"@type":"ListItem","position":1,"name":"Trang ch\u1ee7","item":"https:\/\/tiembanhbacongau.azdigi.shop\/"},{"@type":"ListItem","position":2,"name":"S\u1ea2N PH\u1ea8M","item":"https:\/\/tiembanhbacongau.azdigi.shop\/?page_id=331"},{"@type":"ListItem","position":3,"name":"B\u00e1nh Mousse l 01"}]},{"@type":"WebSite","@id":"https:\/\/tiembanhbacongau.azdigi.shop\/#website","url":"https:\/\/tiembanhbacongau.azdigi.shop\/","name":"TI\u1ec6M KH\u00d4 X\u01afA","description":"","potentialAction":[{"@type":"SearchAction","target":{"@type":"EntryPoint","urlTemplate":"https:\/\/tiembanhbacongau.azdigi.shop\/?s={search_term_string}"},"query-input":{"@type":"PropertyValueSpecification","valueRequired":true,"valueName":"search_term_string"}}],"inLanguage":"vi"}]}},"jetpack_sharing_enabled":true,"_links":{"self":[{"href":"https:\/\/tiembanhbacongau.azdigi.shop\/index.php?rest_route=\/wp\/v2\/product\/541","targetHints":{"allow":["GET"]}}],"collection":[{"href":"https:\/\/tiembanhbacongau.azdigi.shop\/index.php?rest_route=\/wp\/v2\/product"}],"about":[{"href":"https:\/\/tiembanhbacongau.azdigi.shop\/index.php?rest_route=\/wp\/v2\/types\/product"}],"replies":[{"embeddable":true,"href":"https:\/\/tiembanhbacongau.azdigi.shop\/index.php?rest_route=%2Fwp%2Fv2%2Fcomments&post=541"}],"wp:featuredmedia":[{"embeddable":true,"href":"https:\/\/tiembanhbacongau.azdigi.shop\/index.php?rest_route=\/wp\/v2\/media\/289"}],"wp:attachment":[{"href":"https:\/\/tiembanhbacongau.azdigi.shop\/index.php?rest_route=%2Fwp%2Fv2%2Fmedia&parent=541"}],"wp:term":[{"taxonomy":"product_brand","embeddable":true,"href":"https:\/\/tiembanhbacongau.azdigi.shop\/index.php?rest_route=%2Fwp%2Fv2%2Fproduct_brand&post=541"},{"taxonomy":"product_cat","embeddable":true,"href":"https:\/\/tiembanhbacongau.azdigi.shop\/index.php?rest_route=%2Fwp%2Fv2%2Fproduct_cat&post=541"},{"taxonomy":"product_tag","embeddable":true,"href":"https:\/\/tiembanhbacongau.azdigi.shop\/index.php?rest_route=%2Fwp%2Fv2%2Fproduct_tag&post=541"}],"curies":[{"name":"wp","href":"https:\/\/api.w.org\/{rel}","templated":true}]}}