{"id":536,"date":"2026-04-12T03:58:04","date_gmt":"2026-04-12T03:58:04","guid":{"rendered":"https:\/\/tiembanhbacongau.azdigi.shop\/?post_type=product&#038;p=536"},"modified":"2026-04-19T06:49:35","modified_gmt":"2026-04-19T06:49:35","slug":"banh-tiramisu-l-03","status":"publish","type":"product","link":"https:\/\/tiembanhbacongau.azdigi.shop\/?product=banh-tiramisu-l-03","title":{"rendered":"B\u00e1nh Tiramisu l 03"},"content":{"rendered":"<div id=\"model-response-message-contentr_c5d159e11679beee\" class=\"markdown markdown-main-panel enable-updated-hr-color\" dir=\"ltr\" aria-live=\"polite\" aria-busy=\"false\">\n<p style=\"text-align: justify;\" data-path-to-node=\"0\"><span style=\"font-family: 'times new roman', times, serif; color: #000000;\">H\u00e3y kh\u00e1m ph\u00e1 chi\u1ebfc b\u00e1nh tiramisu chocolate tuy\u1ec7t ngon t\u1eeb th\u01b0\u01a1ng hi\u1ec7u Ba Con G\u1ea5u. S\u1ea3n ph\u1ea9m l\u00e0 s\u1ef1 k\u1ebft h\u1ee3p ho\u00e0n h\u1ea3o gi\u1eefa v\u1ecb \u0111\u1eadm \u0111\u00e0 v\u00e0 tr\u00e1i c\u00e2y t\u01b0\u01a1i. L\u1edbp kem chocolate m\u1ec1m m\u1ecbn mang \u0111\u1ebfn m\u1ed9t tr\u1ea3i nghi\u1ec7m \u1ea9m th\u1ef1c v\u00f4 c\u00f9ng ng\u1ecdt ng\u00e0o. B\u1ec1 m\u1eb7t b\u00e1nh \u0111\u01b0\u1ee3c trang tr\u00ed v\u00f4 c\u00f9ng b\u1eaft m\u1eaft v\u1edbi c\u00e1c lo\u1ea1i tr\u00e1i c\u00e2y t\u01b0\u01a1i. D\u00e2u t\u00e2y \u0111\u1ecf m\u1ecdng n\u01b0\u1edbc \u0111\u01b0\u1ee3c x\u1ebfp kh\u00e9o l\u00e9o tr\u00ean n\u1ec1n kem n\u00e2u \u0111\u1ea7y quy\u1ebfn r\u0169. Nh\u1eefng qu\u1ea3 nho xanh gi\u00f2n ng\u1ecdt gi\u00fap t\u1ea1o n\u00ean \u0111i\u1ec3m nh\u1ea5n h\u00e0i h\u00f2a cho t\u1ed5ng th\u1ec3. V\u00e0i chi\u1ebfc l\u00e1 xanh nh\u1ecf \u0111i\u1ec3m xuy\u1ebft gi\u00fap chi\u1ebfc b\u00e1nh tr\u00f4ng th\u1eadt t\u01b0\u01a1i m\u00e1t v\u00e0 \u0111\u1eb9p m\u1eaft. V\u1ecb chua nh\u1eb9 c\u1ee7a tr\u00e1i c\u00e2y c\u00e2n b\u1eb1ng ho\u00e0n h\u1ea3o v\u1edbi \u0111\u1ed9 b\u00e9o c\u1ee7a chocolate. Th\u00e2n b\u00e1nh \u0111\u01b0\u1ee3c b\u1ecdc m\u00e0ng trong su\u1ed1t gi\u00fap b\u1ea3o v\u1ec7 h\u00ecnh d\u00e1ng lu\u00f4n \u0111\u01b0\u1ee3c ho\u00e0n h\u1ea3o. Chi\u1ebfc n\u01a1 th\u1eaft b\u1eb1ng d\u00e2y th\u1eebng gai mang l\u1ea1i v\u1ebb \u0111\u1eb9p m\u1ed9c m\u1ea1c \u0111\u1ea7y tinh t\u1ebf. Chi\u1ebfc b\u00e1nh n\u00e0y ch\u1eafc ch\u1eafn l\u00e0 m\u00f3n qu\u00e0 tuy\u1ec7t v\u1eddi d\u00e0nh t\u1eb7ng cho ng\u01b0\u1eddi th\u00e2n y\u00eau. Ch\u00fang t\u00f4i cam k\u1ebft lu\u00f4n s\u1eed d\u1ee5ng nguy\u00ean li\u1ec7u t\u01b0\u01a1i ngon nh\u1ea5t cho m\u1ecdi s\u1ea3n ph\u1ea9m. H\u00e3y \u0111\u1eb7t h\u00e0ng ngay h\u00f4m nay \u0111\u1ec3 th\u01b0\u1edfng th\u1ee9c tr\u1ecdn v\u1eb9n h\u01b0\u01a1ng v\u1ecb \u0111\u1ed9c \u0111\u00e1o n\u00e0y.<\/span><\/p>\n<\/div>\n","protected":false},"excerpt":{"rendered":"<p style=\"text-align: justify;\"><span style=\"font-family: 'times new roman', times, serif; color: #000000;\">B\u00e1nh Tiramisu t\u1ea1i Ba Con G\u1ea5u mang \u0111\u1ebfn m\u1ed9t tr\u1ea3i nghi\u1ec7m \u0111\u1ed9c \u0111\u00e1o v\u1edbi s\u1ef1 h\u00f2a quy\u1ec7n gi\u1eefa v\u1ecb ng\u1ecdt nh\u1eb9 nh\u00e0ng v\u00e0 l\u1edbp tr\u00e1i c\u00e2y t\u01b0\u01a1i m\u00e1t trang tr\u00ed tr\u00ean m\u1eb7t b\u00e1nh. M\u1ed7i chi\u1ebfc b\u00e1nh kh\u00f4ng ch\u1ec9 \u0111\u1eb9p m\u1eaft m\u00e0 c\u00f2n t\u1ea1o c\u1ea3m gi\u00e1c h\u00e0i h\u00f2a, gi\u00fap kh\u00e1ch h\u00e0ng th\u01b0\u1edfng th\u1ee9c h\u01b0\u01a1ng v\u1ecb truy\u1ec1n th\u1ed1ng nh\u01b0ng l\u1ea1i \u0111\u1ea7y m\u1edbi m\u1ebb.<\/span><\/p>\n","protected":false},"featured_media":283,"comment_status":"open","ping_status":"closed","template":"","meta":[],"product_brand":[],"product_cat":[28],"product_tag":[],"class_list":{"0":"post-536","1":"product","2":"type-product","3":"status-publish","4":"has-post-thumbnail","6":"product_cat-banh-tiramisu","8":"first","9":"instock","10":"shipping-taxable","11":"purchasable","12":"product-type-variable"},"yoast_head":"<!-- This site is optimized with the Yoast SEO plugin v26.8 - https:\/\/yoast.com\/product\/yoast-seo-wordpress\/ -->\n<title>B\u00e1nh Tiramisu l 03 - TI\u1ec6M B\u00c1NH BA CON G\u1ea4U<\/title>\n<meta name=\"description\" content=\"L\u1edbp c\u1ed1t b\u00e1nh tiramisu chocolate m\u1ec1m m\u1ecbn h\u00f2a quy\u1ec7n c\u00f9ng ph\u1ea7n kem b\u00e9o ng\u1eady tan ngay trong mi\u1ec7ng v\u00e0 \u0111\u01b0\u1ee3c ph\u1ee7 m\u1ed9t l\u1edbp b\u1ed9t cacao nguy\u00ean ch\u1ea5t.\" \/>\n<meta name=\"robots\" content=\"index, follow, max-snippet:-1, max-image-preview:large, max-video-preview:-1\" \/>\n<link rel=\"canonical\" href=\"https:\/\/tiembanhbacongau.azdigi.shop\/?product=banh-tiramisu-l-03\" \/>\n<meta property=\"og:locale\" content=\"vi_VN\" \/>\n<meta property=\"og:type\" content=\"article\" \/>\n<meta property=\"og:title\" content=\"B\u00e1nh Tiramisu l 03 - TI\u1ec6M B\u00c1NH BA CON G\u1ea4U\" \/>\n<meta property=\"og:description\" content=\"L\u1edbp c\u1ed1t b\u00e1nh tiramisu chocolate m\u1ec1m m\u1ecbn h\u00f2a quy\u1ec7n c\u00f9ng ph\u1ea7n kem b\u00e9o ng\u1eady tan ngay trong mi\u1ec7ng v\u00e0 \u0111\u01b0\u1ee3c ph\u1ee7 m\u1ed9t l\u1edbp b\u1ed9t cacao nguy\u00ean ch\u1ea5t.\" \/>\n<meta property=\"og:url\" content=\"https:\/\/tiembanhbacongau.azdigi.shop\/?product=banh-tiramisu-l-03\" \/>\n<meta property=\"og:site_name\" content=\"TI\u1ec6M B\u00c1NH BA CON G\u1ea4U\" \/>\n<meta property=\"article:modified_time\" content=\"2026-04-19T06:49:35+00:00\" \/>\n<meta property=\"og:image\" content=\"https:\/\/tiembanhbacongau.azdigi.shop\/wp-content\/uploads\/2026\/03\/500727363_1034106178810197_5306648902411383005_n-e1772872915449.jpg\" \/>\n\t<meta property=\"og:image:width\" content=\"918\" \/>\n\t<meta property=\"og:image:height\" content=\"915\" \/>\n\t<meta property=\"og:image:type\" content=\"image\/jpeg\" \/>\n<meta name=\"twitter:card\" content=\"summary_large_image\" \/>\n<meta name=\"twitter:label1\" content=\"\u01af\u1edbc t\u00ednh th\u1eddi gian \u0111\u1ecdc\" \/>\n\t<meta name=\"twitter:data1\" content=\"2 ph\u00fat\" \/>\n<script type=\"application\/ld+json\" class=\"yoast-schema-graph\">{\"@context\":\"https:\/\/schema.org\",\"@graph\":[{\"@type\":\"WebPage\",\"@id\":\"https:\/\/tiembanhbacongau.azdigi.shop\/?product=banh-tiramisu-l-03\",\"url\":\"https:\/\/tiembanhbacongau.azdigi.shop\/?product=banh-tiramisu-l-03\",\"name\":\"B\u00e1nh Tiramisu l 03 - TI\u1ec6M B\u00c1NH BA CON G\u1ea4U\",\"isPartOf\":{\"@id\":\"https:\/\/tiembanhbacongau.azdigi.shop\/#website\"},\"primaryImageOfPage\":{\"@id\":\"https:\/\/tiembanhbacongau.azdigi.shop\/?product=banh-tiramisu-l-03#primaryimage\"},\"image\":{\"@id\":\"https:\/\/tiembanhbacongau.azdigi.shop\/?product=banh-tiramisu-l-03#primaryimage\"},\"thumbnailUrl\":\"https:\/\/tiembanhbacongau.azdigi.shop\/wp-content\/uploads\/2026\/03\/500727363_1034106178810197_5306648902411383005_n-e1772872915449.jpg\",\"datePublished\":\"2026-04-12T03:58:04+00:00\",\"dateModified\":\"2026-04-19T06:49:35+00:00\",\"description\":\"L\u1edbp c\u1ed1t b\u00e1nh tiramisu chocolate m\u1ec1m m\u1ecbn h\u00f2a quy\u1ec7n c\u00f9ng ph\u1ea7n kem b\u00e9o ng\u1eady tan ngay trong mi\u1ec7ng v\u00e0 \u0111\u01b0\u1ee3c ph\u1ee7 m\u1ed9t l\u1edbp b\u1ed9t cacao nguy\u00ean ch\u1ea5t.\",\"breadcrumb\":{\"@id\":\"https:\/\/tiembanhbacongau.azdigi.shop\/?product=banh-tiramisu-l-03#breadcrumb\"},\"inLanguage\":\"vi\",\"potentialAction\":[{\"@type\":\"ReadAction\",\"target\":[\"https:\/\/tiembanhbacongau.azdigi.shop\/?product=banh-tiramisu-l-03\"]}]},{\"@type\":\"ImageObject\",\"inLanguage\":\"vi\",\"@id\":\"https:\/\/tiembanhbacongau.azdigi.shop\/?product=banh-tiramisu-l-03#primaryimage\",\"url\":\"https:\/\/tiembanhbacongau.azdigi.shop\/wp-content\/uploads\/2026\/03\/500727363_1034106178810197_5306648902411383005_n-e1772872915449.jpg\",\"contentUrl\":\"https:\/\/tiembanhbacongau.azdigi.shop\/wp-content\/uploads\/2026\/03\/500727363_1034106178810197_5306648902411383005_n-e1772872915449.jpg\",\"width\":918,\"height\":915},{\"@type\":\"BreadcrumbList\",\"@id\":\"https:\/\/tiembanhbacongau.azdigi.shop\/?product=banh-tiramisu-l-03#breadcrumb\",\"itemListElement\":[{\"@type\":\"ListItem\",\"position\":1,\"name\":\"Trang ch\u1ee7\",\"item\":\"https:\/\/tiembanhbacongau.azdigi.shop\/\"},{\"@type\":\"ListItem\",\"position\":2,\"name\":\"S\u1ea2N PH\u1ea8M\",\"item\":\"https:\/\/tiembanhbacongau.azdigi.shop\/?page_id=331\"},{\"@type\":\"ListItem\",\"position\":3,\"name\":\"B\u00e1nh Tiramisu l 03\"}]},{\"@type\":\"WebSite\",\"@id\":\"https:\/\/tiembanhbacongau.azdigi.shop\/#website\",\"url\":\"https:\/\/tiembanhbacongau.azdigi.shop\/\",\"name\":\"TI\u1ec6M KH\u00d4 X\u01afA\",\"description\":\"\",\"potentialAction\":[{\"@type\":\"SearchAction\",\"target\":{\"@type\":\"EntryPoint\",\"urlTemplate\":\"https:\/\/tiembanhbacongau.azdigi.shop\/?s={search_term_string}\"},\"query-input\":{\"@type\":\"PropertyValueSpecification\",\"valueRequired\":true,\"valueName\":\"search_term_string\"}}],\"inLanguage\":\"vi\"}]}<\/script>\n<!-- \/ Yoast SEO plugin. -->","yoast_head_json":{"title":"B\u00e1nh Tiramisu l 03 - TI\u1ec6M B\u00c1NH BA CON G\u1ea4U","description":"L\u1edbp c\u1ed1t b\u00e1nh tiramisu chocolate m\u1ec1m m\u1ecbn h\u00f2a quy\u1ec7n c\u00f9ng ph\u1ea7n kem b\u00e9o ng\u1eady tan ngay trong mi\u1ec7ng v\u00e0 \u0111\u01b0\u1ee3c ph\u1ee7 m\u1ed9t l\u1edbp b\u1ed9t cacao nguy\u00ean ch\u1ea5t.","robots":{"index":"index","follow":"follow","max-snippet":"max-snippet:-1","max-image-preview":"max-image-preview:large","max-video-preview":"max-video-preview:-1"},"canonical":"https:\/\/tiembanhbacongau.azdigi.shop\/?product=banh-tiramisu-l-03","og_locale":"vi_VN","og_type":"article","og_title":"B\u00e1nh Tiramisu l 03 - TI\u1ec6M B\u00c1NH BA CON G\u1ea4U","og_description":"L\u1edbp c\u1ed1t b\u00e1nh tiramisu chocolate m\u1ec1m m\u1ecbn h\u00f2a quy\u1ec7n c\u00f9ng ph\u1ea7n kem b\u00e9o ng\u1eady tan ngay trong mi\u1ec7ng v\u00e0 \u0111\u01b0\u1ee3c ph\u1ee7 m\u1ed9t l\u1edbp b\u1ed9t cacao nguy\u00ean ch\u1ea5t.","og_url":"https:\/\/tiembanhbacongau.azdigi.shop\/?product=banh-tiramisu-l-03","og_site_name":"TI\u1ec6M B\u00c1NH BA CON G\u1ea4U","article_modified_time":"2026-04-19T06:49:35+00:00","og_image":[{"width":918,"height":915,"url":"https:\/\/tiembanhbacongau.azdigi.shop\/wp-content\/uploads\/2026\/03\/500727363_1034106178810197_5306648902411383005_n-e1772872915449.jpg","type":"image\/jpeg"}],"twitter_card":"summary_large_image","twitter_misc":{"\u01af\u1edbc t\u00ednh th\u1eddi gian \u0111\u1ecdc":"2 ph\u00fat"},"schema":{"@context":"https:\/\/schema.org","@graph":[{"@type":"WebPage","@id":"https:\/\/tiembanhbacongau.azdigi.shop\/?product=banh-tiramisu-l-03","url":"https:\/\/tiembanhbacongau.azdigi.shop\/?product=banh-tiramisu-l-03","name":"B\u00e1nh Tiramisu l 03 - TI\u1ec6M B\u00c1NH BA CON G\u1ea4U","isPartOf":{"@id":"https:\/\/tiembanhbacongau.azdigi.shop\/#website"},"primaryImageOfPage":{"@id":"https:\/\/tiembanhbacongau.azdigi.shop\/?product=banh-tiramisu-l-03#primaryimage"},"image":{"@id":"https:\/\/tiembanhbacongau.azdigi.shop\/?product=banh-tiramisu-l-03#primaryimage"},"thumbnailUrl":"https:\/\/tiembanhbacongau.azdigi.shop\/wp-content\/uploads\/2026\/03\/500727363_1034106178810197_5306648902411383005_n-e1772872915449.jpg","datePublished":"2026-04-12T03:58:04+00:00","dateModified":"2026-04-19T06:49:35+00:00","description":"L\u1edbp c\u1ed1t b\u00e1nh tiramisu chocolate m\u1ec1m m\u1ecbn h\u00f2a quy\u1ec7n c\u00f9ng ph\u1ea7n kem b\u00e9o ng\u1eady tan ngay trong mi\u1ec7ng v\u00e0 \u0111\u01b0\u1ee3c ph\u1ee7 m\u1ed9t l\u1edbp b\u1ed9t cacao nguy\u00ean ch\u1ea5t.","breadcrumb":{"@id":"https:\/\/tiembanhbacongau.azdigi.shop\/?product=banh-tiramisu-l-03#breadcrumb"},"inLanguage":"vi","potentialAction":[{"@type":"ReadAction","target":["https:\/\/tiembanhbacongau.azdigi.shop\/?product=banh-tiramisu-l-03"]}]},{"@type":"ImageObject","inLanguage":"vi","@id":"https:\/\/tiembanhbacongau.azdigi.shop\/?product=banh-tiramisu-l-03#primaryimage","url":"https:\/\/tiembanhbacongau.azdigi.shop\/wp-content\/uploads\/2026\/03\/500727363_1034106178810197_5306648902411383005_n-e1772872915449.jpg","contentUrl":"https:\/\/tiembanhbacongau.azdigi.shop\/wp-content\/uploads\/2026\/03\/500727363_1034106178810197_5306648902411383005_n-e1772872915449.jpg","width":918,"height":915},{"@type":"BreadcrumbList","@id":"https:\/\/tiembanhbacongau.azdigi.shop\/?product=banh-tiramisu-l-03#breadcrumb","itemListElement":[{"@type":"ListItem","position":1,"name":"Trang ch\u1ee7","item":"https:\/\/tiembanhbacongau.azdigi.shop\/"},{"@type":"ListItem","position":2,"name":"S\u1ea2N PH\u1ea8M","item":"https:\/\/tiembanhbacongau.azdigi.shop\/?page_id=331"},{"@type":"ListItem","position":3,"name":"B\u00e1nh Tiramisu l 03"}]},{"@type":"WebSite","@id":"https:\/\/tiembanhbacongau.azdigi.shop\/#website","url":"https:\/\/tiembanhbacongau.azdigi.shop\/","name":"TI\u1ec6M KH\u00d4 X\u01afA","description":"","potentialAction":[{"@type":"SearchAction","target":{"@type":"EntryPoint","urlTemplate":"https:\/\/tiembanhbacongau.azdigi.shop\/?s={search_term_string}"},"query-input":{"@type":"PropertyValueSpecification","valueRequired":true,"valueName":"search_term_string"}}],"inLanguage":"vi"}]}},"jetpack_sharing_enabled":true,"_links":{"self":[{"href":"https:\/\/tiembanhbacongau.azdigi.shop\/index.php?rest_route=\/wp\/v2\/product\/536","targetHints":{"allow":["GET"]}}],"collection":[{"href":"https:\/\/tiembanhbacongau.azdigi.shop\/index.php?rest_route=\/wp\/v2\/product"}],"about":[{"href":"https:\/\/tiembanhbacongau.azdigi.shop\/index.php?rest_route=\/wp\/v2\/types\/product"}],"replies":[{"embeddable":true,"href":"https:\/\/tiembanhbacongau.azdigi.shop\/index.php?rest_route=%2Fwp%2Fv2%2Fcomments&post=536"}],"wp:featuredmedia":[{"embeddable":true,"href":"https:\/\/tiembanhbacongau.azdigi.shop\/index.php?rest_route=\/wp\/v2\/media\/283"}],"wp:attachment":[{"href":"https:\/\/tiembanhbacongau.azdigi.shop\/index.php?rest_route=%2Fwp%2Fv2%2Fmedia&parent=536"}],"wp:term":[{"taxonomy":"product_brand","embeddable":true,"href":"https:\/\/tiembanhbacongau.azdigi.shop\/index.php?rest_route=%2Fwp%2Fv2%2Fproduct_brand&post=536"},{"taxonomy":"product_cat","embeddable":true,"href":"https:\/\/tiembanhbacongau.azdigi.shop\/index.php?rest_route=%2Fwp%2Fv2%2Fproduct_cat&post=536"},{"taxonomy":"product_tag","embeddable":true,"href":"https:\/\/tiembanhbacongau.azdigi.shop\/index.php?rest_route=%2Fwp%2Fv2%2Fproduct_tag&post=536"}],"curies":[{"name":"wp","href":"https:\/\/api.w.org\/{rel}","templated":true}]}}