{"id":521,"date":"2026-04-11T18:32:57","date_gmt":"2026-04-11T18:32:57","guid":{"rendered":"https:\/\/tiembanhbacongau.azdigi.shop\/?post_type=product&#038;p=521"},"modified":"2026-04-12T03:01:30","modified_gmt":"2026-04-12T03:01:30","slug":"bliss-box-l-03","status":"publish","type":"product","link":"https:\/\/tiembanhbacongau.azdigi.shop\/?product=bliss-box-l-03","title":{"rendered":"Bliss Box l 03"},"content":{"rendered":"<p style=\"text-align: justify;\"><span style=\"font-family: 'times new roman', times, serif; color: #000000;\">H\u00e3y kh\u00e1m ph\u00e1 h\u1ed9p b\u00e1nh Bliss Box v\u00f4 c\u00f9ng ng\u1ecdt ng\u00e0o t\u1eeb ti\u1ec7m b\u00e1nh Ba Con G\u1ea5u. S\u1ea3n ph\u1ea9m mang \u0111\u1ebfn tr\u1ea3i nghi\u1ec7m \u1ea9m th\u1ef1c tuy\u1ec7t v\u1eddi v\u1edbi th\u00f4ng \u0111i\u1ec7p th\u1eadt \u00fd ngh\u0129a. V\u1ecf h\u1ed9p b\u00e1nh Bliss Box m\u00e0u h\u1ed3ng ph\u1ea5n \u0111\u01b0\u1ee3c trang tr\u00ed b\u1eb1ng h\u1ecda ti\u1ebft h\u00ecnh tr\u00e1i tim \u0111\u00e1ng y\u00eau. B\u00ean trong l\u00e0 m\u01b0\u1eddi hai chi\u1ebfc b\u00e1nh l\u1ea1nh mini n\u1eb1m g\u1ecdn g\u00e0ng trong t\u1eebng \u00f4 vu\u00f4ng nh\u1ecf. M\u1ed7i chi\u1ebfc b\u00e1nh l\u00e0 t\u00e1c ph\u1ea9m ngh\u1ec7 thu\u1eadt nh\u1ecf v\u1edbi \u0111a d\u1ea1ng h\u01b0\u01a1ng v\u1ecb v\u00e0 m\u00e0u s\u1eafc. B\u1ea1n s\u1ebd th\u00edch th\u00fa v\u1edbi l\u1edbp th\u1ea1ch \u0111\u1ecf r\u1ef1c r\u1ee1 \u0111i\u1ec3m xuy\u1ebft b\u00f4ng hoa c\u00fac tr\u1eafng. Chi\u1ebfc b\u00e1nh tiramisu \u0111\u1eadm \u0111\u00e0 n\u1ed5i b\u1eadt v\u1edbi s\u00f4 c\u00f4 la tr\u00e1i tim \u0111\u1ecf v\u00f4 c\u00f9ng quy\u1ebfn r\u0169. B\u00e1nh mang h\u00ecnh qu\u1ea3 b\u01a1 xanh m\u00e1t hay v\u1ecf s\u00f2 tr\u1eafng xinh x\u1eafn tr\u00ean n\u1ec1n c\u00e1t v\u00e0ng. L\u1edbp mousse m\u1ec1m m\u1ecbn h\u00f2a quy\u1ec7n ho\u00e0n h\u1ea3o c\u00f9ng c\u00e1c lo\u1ea1i topping c\u1ef1c k\u1ef3 h\u1ea5p d\u1eabn. S\u1ef1 k\u1ebft h\u1ee3p n\u00e0y mang \u0111\u1ebfn c\u1ea3m gi\u00e1c b\u00f9ng n\u1ed5 h\u01b0\u01a1ng v\u1ecb ngay l\u1ea7n \u0111\u1ea7u n\u1ebfm th\u1eed. H\u1ed9p b\u00e1nh ch\u00ednh l\u00e0 m\u00f3n qu\u00e0 ho\u00e0n h\u1ea3o \u0111\u1ec3 trao g\u1eedi y\u00eau th\u01b0\u01a1ng \u0111\u1ebfn ng\u01b0\u1eddi tr\u00e2n tr\u1ecdng.<\/span><\/p>\n","protected":false},"excerpt":{"rendered":"<p style=\"text-align: justify;\"><span style=\"font-family: 'times new roman', times, serif; color: #000000;\">Ch\u00fang t\u00f4i \u0111\u1eb7t t\u00e2m huy\u1ebft v\u00e0o t\u1eebng c\u00f4ng \u0111o\u1ea1n, t\u1eeb vi\u1ec7c ch\u1ecdn nguy\u00ean li\u1ec7u t\u01b0\u01a1i ngon \u0111\u1ebfn vi\u1ec7c t\u1ea1o ra h\u01b0\u01a1ng v\u1ecb \u0111\u1ed9c \u0111\u00e1o. V\u1edbi m\u1ed7i mi\u1ebfng b\u00e1nh, ch\u00fang t\u00f4i hy v\u1ecdng mang \u0111\u1ebfn cho b\u1ea1n kh\u00f4ng ch\u1ec9 m\u1ed9t tr\u1ea3i nghi\u1ec7m \u1ea9m th\u1ef1c, m\u00e0 c\u00f2n nh\u1eefng kho\u1ea3nh kh\u1eafc ng\u1ecdt ng\u00e0o v\u00e0 \u0111\u1ea7y \u1eafp y\u00eau th\u01b0\u01a1ng<\/span><\/p>\n","protected":false},"featured_media":522,"comment_status":"open","ping_status":"closed","template":"","meta":[],"product_brand":[],"product_cat":[27],"product_tag":[],"class_list":{"0":"post-521","1":"product","2":"type-product","3":"status-publish","4":"has-post-thumbnail","6":"product_cat-bliss-box","8":"first","9":"instock","10":"shipping-taxable","11":"purchasable","12":"product-type-variable"},"yoast_head":"<!-- This site is optimized with the Yoast SEO plugin v26.8 - https:\/\/yoast.com\/product\/yoast-seo-wordpress\/ -->\n<title>Bliss Box l 03 - TI\u1ec6M B\u00c1NH BA CON G\u1ea4U<\/title>\n<meta name=\"description\" content=\"Bliss Box mang \u0111\u1ebfn h\u01b0\u01a1ng v\u1ecb ng\u1ecdt ng\u00e0o, thanh m\u00e1t t\u1eeb tr\u00e1i c\u00e2y t\u01b0\u01a1i h\u00f2a quy\u1ec7n c\u00f9ng tiramisu \u0111\u1eadm \u0111\u00e0, t\u1ea1o n\u00ean s\u1ef1 \u0111a d\u1ea1ng ho\u00e0n h\u1ea3o.\" \/>\n<meta name=\"robots\" content=\"index, follow, max-snippet:-1, max-image-preview:large, max-video-preview:-1\" \/>\n<link rel=\"canonical\" href=\"https:\/\/tiembanhbacongau.azdigi.shop\/?product=bliss-box-l-03\" \/>\n<meta property=\"og:locale\" content=\"vi_VN\" \/>\n<meta property=\"og:type\" content=\"article\" \/>\n<meta property=\"og:title\" content=\"Bliss Box l 03 - TI\u1ec6M B\u00c1NH BA CON G\u1ea4U\" \/>\n<meta property=\"og:description\" content=\"Bliss Box mang \u0111\u1ebfn h\u01b0\u01a1ng v\u1ecb ng\u1ecdt ng\u00e0o, thanh m\u00e1t t\u1eeb tr\u00e1i c\u00e2y t\u01b0\u01a1i h\u00f2a quy\u1ec7n c\u00f9ng tiramisu \u0111\u1eadm \u0111\u00e0, t\u1ea1o n\u00ean s\u1ef1 \u0111a d\u1ea1ng ho\u00e0n h\u1ea3o.\" \/>\n<meta property=\"og:url\" content=\"https:\/\/tiembanhbacongau.azdigi.shop\/?product=bliss-box-l-03\" \/>\n<meta property=\"og:site_name\" content=\"TI\u1ec6M B\u00c1NH BA CON G\u1ea4U\" \/>\n<meta property=\"article:modified_time\" content=\"2026-04-12T03:01:30+00:00\" \/>\n<meta property=\"og:image\" content=\"https:\/\/tiembanhbacongau.azdigi.shop\/wp-content\/uploads\/2026\/04\/10-e1775962638952.jpg\" \/>\n\t<meta property=\"og:image:width\" content=\"540\" \/>\n\t<meta property=\"og:image:height\" content=\"536\" \/>\n\t<meta property=\"og:image:type\" content=\"image\/jpeg\" \/>\n<meta name=\"twitter:card\" content=\"summary_large_image\" \/>\n<meta name=\"twitter:label1\" content=\"\u01af\u1edbc t\u00ednh th\u1eddi gian \u0111\u1ecdc\" \/>\n\t<meta name=\"twitter:data1\" content=\"2 ph\u00fat\" \/>\n<script type=\"application\/ld+json\" class=\"yoast-schema-graph\">{\"@context\":\"https:\/\/schema.org\",\"@graph\":[{\"@type\":\"WebPage\",\"@id\":\"https:\/\/tiembanhbacongau.azdigi.shop\/?product=bliss-box-l-03\",\"url\":\"https:\/\/tiembanhbacongau.azdigi.shop\/?product=bliss-box-l-03\",\"name\":\"Bliss Box l 03 - TI\u1ec6M B\u00c1NH BA CON G\u1ea4U\",\"isPartOf\":{\"@id\":\"https:\/\/tiembanhbacongau.azdigi.shop\/#website\"},\"primaryImageOfPage\":{\"@id\":\"https:\/\/tiembanhbacongau.azdigi.shop\/?product=bliss-box-l-03#primaryimage\"},\"image\":{\"@id\":\"https:\/\/tiembanhbacongau.azdigi.shop\/?product=bliss-box-l-03#primaryimage\"},\"thumbnailUrl\":\"https:\/\/tiembanhbacongau.azdigi.shop\/wp-content\/uploads\/2026\/04\/10-e1775962638952.jpg\",\"datePublished\":\"2026-04-11T18:32:57+00:00\",\"dateModified\":\"2026-04-12T03:01:30+00:00\",\"description\":\"Bliss Box mang \u0111\u1ebfn h\u01b0\u01a1ng v\u1ecb ng\u1ecdt ng\u00e0o, thanh m\u00e1t t\u1eeb tr\u00e1i c\u00e2y t\u01b0\u01a1i h\u00f2a quy\u1ec7n c\u00f9ng tiramisu \u0111\u1eadm \u0111\u00e0, t\u1ea1o n\u00ean s\u1ef1 \u0111a d\u1ea1ng ho\u00e0n h\u1ea3o.\",\"breadcrumb\":{\"@id\":\"https:\/\/tiembanhbacongau.azdigi.shop\/?product=bliss-box-l-03#breadcrumb\"},\"inLanguage\":\"vi\",\"potentialAction\":[{\"@type\":\"ReadAction\",\"target\":[\"https:\/\/tiembanhbacongau.azdigi.shop\/?product=bliss-box-l-03\"]}]},{\"@type\":\"ImageObject\",\"inLanguage\":\"vi\",\"@id\":\"https:\/\/tiembanhbacongau.azdigi.shop\/?product=bliss-box-l-03#primaryimage\",\"url\":\"https:\/\/tiembanhbacongau.azdigi.shop\/wp-content\/uploads\/2026\/04\/10-e1775962638952.jpg\",\"contentUrl\":\"https:\/\/tiembanhbacongau.azdigi.shop\/wp-content\/uploads\/2026\/04\/10-e1775962638952.jpg\",\"width\":540,\"height\":536},{\"@type\":\"BreadcrumbList\",\"@id\":\"https:\/\/tiembanhbacongau.azdigi.shop\/?product=bliss-box-l-03#breadcrumb\",\"itemListElement\":[{\"@type\":\"ListItem\",\"position\":1,\"name\":\"Trang ch\u1ee7\",\"item\":\"https:\/\/tiembanhbacongau.azdigi.shop\/\"},{\"@type\":\"ListItem\",\"position\":2,\"name\":\"S\u1ea2N PH\u1ea8M\",\"item\":\"https:\/\/tiembanhbacongau.azdigi.shop\/?page_id=331\"},{\"@type\":\"ListItem\",\"position\":3,\"name\":\"Bliss Box l 03\"}]},{\"@type\":\"WebSite\",\"@id\":\"https:\/\/tiembanhbacongau.azdigi.shop\/#website\",\"url\":\"https:\/\/tiembanhbacongau.azdigi.shop\/\",\"name\":\"TI\u1ec6M KH\u00d4 X\u01afA\",\"description\":\"\",\"potentialAction\":[{\"@type\":\"SearchAction\",\"target\":{\"@type\":\"EntryPoint\",\"urlTemplate\":\"https:\/\/tiembanhbacongau.azdigi.shop\/?s={search_term_string}\"},\"query-input\":{\"@type\":\"PropertyValueSpecification\",\"valueRequired\":true,\"valueName\":\"search_term_string\"}}],\"inLanguage\":\"vi\"}]}<\/script>\n<!-- \/ Yoast SEO plugin. -->","yoast_head_json":{"title":"Bliss Box l 03 - TI\u1ec6M B\u00c1NH BA CON G\u1ea4U","description":"Bliss Box mang \u0111\u1ebfn h\u01b0\u01a1ng v\u1ecb ng\u1ecdt ng\u00e0o, thanh m\u00e1t t\u1eeb tr\u00e1i c\u00e2y t\u01b0\u01a1i h\u00f2a quy\u1ec7n c\u00f9ng tiramisu \u0111\u1eadm \u0111\u00e0, t\u1ea1o n\u00ean s\u1ef1 \u0111a d\u1ea1ng ho\u00e0n h\u1ea3o.","robots":{"index":"index","follow":"follow","max-snippet":"max-snippet:-1","max-image-preview":"max-image-preview:large","max-video-preview":"max-video-preview:-1"},"canonical":"https:\/\/tiembanhbacongau.azdigi.shop\/?product=bliss-box-l-03","og_locale":"vi_VN","og_type":"article","og_title":"Bliss Box l 03 - TI\u1ec6M B\u00c1NH BA CON G\u1ea4U","og_description":"Bliss Box mang \u0111\u1ebfn h\u01b0\u01a1ng v\u1ecb ng\u1ecdt ng\u00e0o, thanh m\u00e1t t\u1eeb tr\u00e1i c\u00e2y t\u01b0\u01a1i h\u00f2a quy\u1ec7n c\u00f9ng tiramisu \u0111\u1eadm \u0111\u00e0, t\u1ea1o n\u00ean s\u1ef1 \u0111a d\u1ea1ng ho\u00e0n h\u1ea3o.","og_url":"https:\/\/tiembanhbacongau.azdigi.shop\/?product=bliss-box-l-03","og_site_name":"TI\u1ec6M B\u00c1NH BA CON G\u1ea4U","article_modified_time":"2026-04-12T03:01:30+00:00","og_image":[{"width":540,"height":536,"url":"https:\/\/tiembanhbacongau.azdigi.shop\/wp-content\/uploads\/2026\/04\/10-e1775962638952.jpg","type":"image\/jpeg"}],"twitter_card":"summary_large_image","twitter_misc":{"\u01af\u1edbc t\u00ednh th\u1eddi gian \u0111\u1ecdc":"2 ph\u00fat"},"schema":{"@context":"https:\/\/schema.org","@graph":[{"@type":"WebPage","@id":"https:\/\/tiembanhbacongau.azdigi.shop\/?product=bliss-box-l-03","url":"https:\/\/tiembanhbacongau.azdigi.shop\/?product=bliss-box-l-03","name":"Bliss Box l 03 - TI\u1ec6M B\u00c1NH BA CON G\u1ea4U","isPartOf":{"@id":"https:\/\/tiembanhbacongau.azdigi.shop\/#website"},"primaryImageOfPage":{"@id":"https:\/\/tiembanhbacongau.azdigi.shop\/?product=bliss-box-l-03#primaryimage"},"image":{"@id":"https:\/\/tiembanhbacongau.azdigi.shop\/?product=bliss-box-l-03#primaryimage"},"thumbnailUrl":"https:\/\/tiembanhbacongau.azdigi.shop\/wp-content\/uploads\/2026\/04\/10-e1775962638952.jpg","datePublished":"2026-04-11T18:32:57+00:00","dateModified":"2026-04-12T03:01:30+00:00","description":"Bliss Box mang \u0111\u1ebfn h\u01b0\u01a1ng v\u1ecb ng\u1ecdt ng\u00e0o, thanh m\u00e1t t\u1eeb tr\u00e1i c\u00e2y t\u01b0\u01a1i h\u00f2a quy\u1ec7n c\u00f9ng tiramisu \u0111\u1eadm \u0111\u00e0, t\u1ea1o n\u00ean s\u1ef1 \u0111a d\u1ea1ng ho\u00e0n h\u1ea3o.","breadcrumb":{"@id":"https:\/\/tiembanhbacongau.azdigi.shop\/?product=bliss-box-l-03#breadcrumb"},"inLanguage":"vi","potentialAction":[{"@type":"ReadAction","target":["https:\/\/tiembanhbacongau.azdigi.shop\/?product=bliss-box-l-03"]}]},{"@type":"ImageObject","inLanguage":"vi","@id":"https:\/\/tiembanhbacongau.azdigi.shop\/?product=bliss-box-l-03#primaryimage","url":"https:\/\/tiembanhbacongau.azdigi.shop\/wp-content\/uploads\/2026\/04\/10-e1775962638952.jpg","contentUrl":"https:\/\/tiembanhbacongau.azdigi.shop\/wp-content\/uploads\/2026\/04\/10-e1775962638952.jpg","width":540,"height":536},{"@type":"BreadcrumbList","@id":"https:\/\/tiembanhbacongau.azdigi.shop\/?product=bliss-box-l-03#breadcrumb","itemListElement":[{"@type":"ListItem","position":1,"name":"Trang ch\u1ee7","item":"https:\/\/tiembanhbacongau.azdigi.shop\/"},{"@type":"ListItem","position":2,"name":"S\u1ea2N PH\u1ea8M","item":"https:\/\/tiembanhbacongau.azdigi.shop\/?page_id=331"},{"@type":"ListItem","position":3,"name":"Bliss Box l 03"}]},{"@type":"WebSite","@id":"https:\/\/tiembanhbacongau.azdigi.shop\/#website","url":"https:\/\/tiembanhbacongau.azdigi.shop\/","name":"TI\u1ec6M KH\u00d4 X\u01afA","description":"","potentialAction":[{"@type":"SearchAction","target":{"@type":"EntryPoint","urlTemplate":"https:\/\/tiembanhbacongau.azdigi.shop\/?s={search_term_string}"},"query-input":{"@type":"PropertyValueSpecification","valueRequired":true,"valueName":"search_term_string"}}],"inLanguage":"vi"}]}},"jetpack_sharing_enabled":true,"_links":{"self":[{"href":"https:\/\/tiembanhbacongau.azdigi.shop\/index.php?rest_route=\/wp\/v2\/product\/521","targetHints":{"allow":["GET"]}}],"collection":[{"href":"https:\/\/tiembanhbacongau.azdigi.shop\/index.php?rest_route=\/wp\/v2\/product"}],"about":[{"href":"https:\/\/tiembanhbacongau.azdigi.shop\/index.php?rest_route=\/wp\/v2\/types\/product"}],"replies":[{"embeddable":true,"href":"https:\/\/tiembanhbacongau.azdigi.shop\/index.php?rest_route=%2Fwp%2Fv2%2Fcomments&post=521"}],"wp:featuredmedia":[{"embeddable":true,"href":"https:\/\/tiembanhbacongau.azdigi.shop\/index.php?rest_route=\/wp\/v2\/media\/522"}],"wp:attachment":[{"href":"https:\/\/tiembanhbacongau.azdigi.shop\/index.php?rest_route=%2Fwp%2Fv2%2Fmedia&parent=521"}],"wp:term":[{"taxonomy":"product_brand","embeddable":true,"href":"https:\/\/tiembanhbacongau.azdigi.shop\/index.php?rest_route=%2Fwp%2Fv2%2Fproduct_brand&post=521"},{"taxonomy":"product_cat","embeddable":true,"href":"https:\/\/tiembanhbacongau.azdigi.shop\/index.php?rest_route=%2Fwp%2Fv2%2Fproduct_cat&post=521"},{"taxonomy":"product_tag","embeddable":true,"href":"https:\/\/tiembanhbacongau.azdigi.shop\/index.php?rest_route=%2Fwp%2Fv2%2Fproduct_tag&post=521"}],"curies":[{"name":"wp","href":"https:\/\/api.w.org\/{rel}","templated":true}]}}