{"id":366,"date":"2026-03-29T04:33:23","date_gmt":"2026-03-29T04:33:23","guid":{"rendered":"https:\/\/tiembanhbacongau.azdigi.shop\/?post_type=product&#038;p=366"},"modified":"2026-04-12T06:42:24","modified_gmt":"2026-04-12T06:42:24","slug":"banh-kem-bap-l-02","status":"publish","type":"product","link":"https:\/\/tiembanhbacongau.azdigi.shop\/?product=banh-kem-bap-l-02","title":{"rendered":"B\u00e1nh Kem B\u1eafp l 02"},"content":{"rendered":"<p style=\"text-align: justify;\"><span style=\"font-family: 'times new roman', times, serif; color: #000000;\">B\u00e1nh kem b\u1eafp \u0111\u1ed9c \u0111\u00e1o v\u1edbi thi\u1ebft k\u1ebf b\u00f4ng hoa r\u1ef1c r\u1ee1. B\u1ec1 m\u1eb7t b\u00e1nh kem b\u1eafp \u0111\u01b0\u1ee3c ph\u1ee7 m\u1ed9t l\u1edbp v\u1ee5n b\u00e1nh m\u00e0u v\u00e0ng nh\u1ea1t tr\u00f4ng m\u1ec1m m\u1ea1i v\u00e0 \u0111\u1eb9p m\u1eaft. \u0110i\u1ec3m nh\u1ea5n n\u1ed5i b\u1eadt nh\u1ea5t l\u00e0 b\u00f4ng hoa s\u00e1u c\u00e1nh l\u00e0m t\u1eeb s\u00f4 c\u00f4 la tr\u1eafng tinh t\u1ebf. B\u00ean trong m\u1ed7i c\u00e1nh hoa l\u00e0 m\u1ed9t lo\u1ea1i topping th\u01a1m ngon mang m\u00e0u s\u1eafc ri\u00eang bi\u1ec7t. D\u00e2u t\u00e2y c\u1eaft nh\u1ecf \u0111\u1ecf m\u1ecdng xen k\u1ebd c\u00f9ng nh\u1eefng qu\u1ea3 nho xanh v\u00f4 c\u00f9ng gi\u00f2n ng\u1ecdt. M\u00e0u v\u00e0ng cam r\u1ef1c r\u1ee1 c\u1ee7a xo\u00e0i h\u00f2a quy\u1ec7n c\u00f9ng nh\u1eefng h\u1ea1t b\u1eafp ng\u1ecdt t\u1ea1o s\u1ef1 m\u1edbi l\u1ea1. \u1ede gi\u1eefa b\u00f4ng hoa l\u00e0 chi\u1ebfc nh\u1ee5y hoa c\u00fac tr\u1eafng nh\u1ecf xinh x\u1eafn t\u0103ng th\u00eam v\u1ebb \u0111\u00e1ng y\u00eau. V\u00e0i chi\u1ebfc l\u00e1 b\u1ea1c h\u00e0 xanh t\u01b0\u01a1i \u0111i\u1ec3m xuy\u1ebft gi\u00fap t\u1ed5ng th\u1ec3 chi\u1ebfc b\u00e1nh th\u00eam sinh \u0111\u1ed9ng. L\u1edbp kem m\u1ec1m m\u1ecbn b\u00ean trong s\u1ebd tan ngay trong mi\u1ec7ng mang l\u1ea1i c\u1ea3m gi\u00e1c ng\u1ecdt ng\u00e0o. S\u1ef1 k\u1ebft h\u1ee3p gi\u1eefa kem b\u00e9o v\u00e0 \u0111\u1ed9 t\u01b0\u01a1i m\u00e1t c\u1ee7a tr\u00e1i c\u00e2y th\u1eadt s\u1ef1 r\u1ea5t ho\u00e0n h\u1ea3o. H\u00e3y \u0111\u1eb7t h\u00e0ng chi\u1ebfc b\u00e1nh tuy\u1ec7t v\u1eddi n\u00e0y \u0111\u1ec3 chia s\u1ebb ni\u1ec1m vui c\u00f9ng v\u1edbi ng\u01b0\u1eddi th\u00e2n.<\/span><\/p>\n","protected":false},"excerpt":{"rendered":"<p><span style=\"font-family: 'times new roman', times, serif; color: #000000;\">B\u00e1nh kem b\u1eafp \u0111\u1ed9c \u0111\u00e1o v\u1edbi thi\u1ebft k\u1ebf b\u00f4ng hoa r\u1ef1c r\u1ee1. B\u1ec1 m\u1eb7t b\u00e1nh kem b\u1eafp \u0111\u01b0\u1ee3c ph\u1ee7 m\u1ed9t l\u1edbp v\u1ee5n b\u00e1nh m\u00e0u v\u00e0ng nh\u1ea1t tr\u00f4ng m\u1ec1m m\u1ea1i v\u00e0 \u0111\u1eb9p m\u1eaft.<\/span><\/p>\n","protected":false},"featured_media":241,"comment_status":"open","ping_status":"closed","template":"","meta":[],"product_brand":[],"product_cat":[20],"product_tag":[],"class_list":{"0":"post-366","1":"product","2":"type-product","3":"status-publish","4":"has-post-thumbnail","6":"product_cat-banh-kem-bap","8":"first","9":"instock","10":"shipping-taxable","11":"purchasable","12":"product-type-variable"},"yoast_head":"<!-- This site is optimized with the Yoast SEO plugin v26.8 - https:\/\/yoast.com\/product\/yoast-seo-wordpress\/ -->\n<title>B\u00e1nh Kem B\u1eafp l 02 - TI\u1ec6M B\u00c1NH BA CON G\u1ea4U<\/title>\n<meta name=\"description\" content=\"B\u00e1nh kem b\u1eafp l\u00e0m t\u1eeb s\u00f4 c\u00f4 la tr\u1eafng tinh t\u1ebf. B\u00ean trong m\u1ed7i c\u00e1nh hoa l\u00e0 m\u1ed9t lo\u1ea1i topping th\u01a1m ngon mang m\u00e0u s\u1eafc ri\u00eang bi\u1ec7t.\" \/>\n<meta name=\"robots\" content=\"index, follow, max-snippet:-1, max-image-preview:large, max-video-preview:-1\" \/>\n<link rel=\"canonical\" href=\"https:\/\/tiembanhbacongau.azdigi.shop\/?product=banh-kem-bap-l-02\" \/>\n<meta property=\"og:locale\" content=\"vi_VN\" \/>\n<meta property=\"og:type\" content=\"article\" \/>\n<meta property=\"og:title\" content=\"B\u00e1nh Kem B\u1eafp l 02 - TI\u1ec6M B\u00c1NH BA CON G\u1ea4U\" \/>\n<meta property=\"og:description\" content=\"B\u00e1nh kem b\u1eafp l\u00e0m t\u1eeb s\u00f4 c\u00f4 la tr\u1eafng tinh t\u1ebf. B\u00ean trong m\u1ed7i c\u00e1nh hoa l\u00e0 m\u1ed9t lo\u1ea1i topping th\u01a1m ngon mang m\u00e0u s\u1eafc ri\u00eang bi\u1ec7t.\" \/>\n<meta property=\"og:url\" content=\"https:\/\/tiembanhbacongau.azdigi.shop\/?product=banh-kem-bap-l-02\" \/>\n<meta property=\"og:site_name\" content=\"TI\u1ec6M B\u00c1NH BA CON G\u1ea4U\" \/>\n<meta property=\"article:modified_time\" content=\"2026-04-12T06:42:24+00:00\" \/>\n<meta property=\"og:image\" content=\"https:\/\/tiembanhbacongau.azdigi.shop\/wp-content\/uploads\/2026\/03\/482013923_974567294764086_4416418399676470686_n-e1772863702129.jpg\" \/>\n\t<meta property=\"og:image:width\" content=\"1113\" \/>\n\t<meta property=\"og:image:height\" content=\"1106\" \/>\n\t<meta property=\"og:image:type\" content=\"image\/jpeg\" \/>\n<meta name=\"twitter:card\" content=\"summary_large_image\" \/>\n<meta name=\"twitter:label1\" content=\"\u01af\u1edbc t\u00ednh th\u1eddi gian \u0111\u1ecdc\" \/>\n\t<meta name=\"twitter:data1\" content=\"2 ph\u00fat\" \/>\n<script type=\"application\/ld+json\" class=\"yoast-schema-graph\">{\"@context\":\"https:\/\/schema.org\",\"@graph\":[{\"@type\":\"WebPage\",\"@id\":\"https:\/\/tiembanhbacongau.azdigi.shop\/?product=banh-kem-bap-l-02\",\"url\":\"https:\/\/tiembanhbacongau.azdigi.shop\/?product=banh-kem-bap-l-02\",\"name\":\"B\u00e1nh Kem B\u1eafp l 02 - TI\u1ec6M B\u00c1NH BA CON G\u1ea4U\",\"isPartOf\":{\"@id\":\"https:\/\/tiembanhbacongau.azdigi.shop\/#website\"},\"primaryImageOfPage\":{\"@id\":\"https:\/\/tiembanhbacongau.azdigi.shop\/?product=banh-kem-bap-l-02#primaryimage\"},\"image\":{\"@id\":\"https:\/\/tiembanhbacongau.azdigi.shop\/?product=banh-kem-bap-l-02#primaryimage\"},\"thumbnailUrl\":\"https:\/\/tiembanhbacongau.azdigi.shop\/wp-content\/uploads\/2026\/03\/482013923_974567294764086_4416418399676470686_n-e1772863702129.jpg\",\"datePublished\":\"2026-03-29T04:33:23+00:00\",\"dateModified\":\"2026-04-12T06:42:24+00:00\",\"description\":\"B\u00e1nh kem b\u1eafp l\u00e0m t\u1eeb s\u00f4 c\u00f4 la tr\u1eafng tinh t\u1ebf. B\u00ean trong m\u1ed7i c\u00e1nh hoa l\u00e0 m\u1ed9t lo\u1ea1i topping th\u01a1m ngon mang m\u00e0u s\u1eafc ri\u00eang bi\u1ec7t.\",\"breadcrumb\":{\"@id\":\"https:\/\/tiembanhbacongau.azdigi.shop\/?product=banh-kem-bap-l-02#breadcrumb\"},\"inLanguage\":\"vi\",\"potentialAction\":[{\"@type\":\"ReadAction\",\"target\":[\"https:\/\/tiembanhbacongau.azdigi.shop\/?product=banh-kem-bap-l-02\"]}]},{\"@type\":\"ImageObject\",\"inLanguage\":\"vi\",\"@id\":\"https:\/\/tiembanhbacongau.azdigi.shop\/?product=banh-kem-bap-l-02#primaryimage\",\"url\":\"https:\/\/tiembanhbacongau.azdigi.shop\/wp-content\/uploads\/2026\/03\/482013923_974567294764086_4416418399676470686_n-e1772863702129.jpg\",\"contentUrl\":\"https:\/\/tiembanhbacongau.azdigi.shop\/wp-content\/uploads\/2026\/03\/482013923_974567294764086_4416418399676470686_n-e1772863702129.jpg\",\"width\":1113,\"height\":1106},{\"@type\":\"BreadcrumbList\",\"@id\":\"https:\/\/tiembanhbacongau.azdigi.shop\/?product=banh-kem-bap-l-02#breadcrumb\",\"itemListElement\":[{\"@type\":\"ListItem\",\"position\":1,\"name\":\"Trang ch\u1ee7\",\"item\":\"https:\/\/tiembanhbacongau.azdigi.shop\/\"},{\"@type\":\"ListItem\",\"position\":2,\"name\":\"S\u1ea2N PH\u1ea8M\",\"item\":\"https:\/\/tiembanhbacongau.azdigi.shop\/?page_id=331\"},{\"@type\":\"ListItem\",\"position\":3,\"name\":\"B\u00e1nh Kem B\u1eafp l 02\"}]},{\"@type\":\"WebSite\",\"@id\":\"https:\/\/tiembanhbacongau.azdigi.shop\/#website\",\"url\":\"https:\/\/tiembanhbacongau.azdigi.shop\/\",\"name\":\"TI\u1ec6M KH\u00d4 X\u01afA\",\"description\":\"\",\"potentialAction\":[{\"@type\":\"SearchAction\",\"target\":{\"@type\":\"EntryPoint\",\"urlTemplate\":\"https:\/\/tiembanhbacongau.azdigi.shop\/?s={search_term_string}\"},\"query-input\":{\"@type\":\"PropertyValueSpecification\",\"valueRequired\":true,\"valueName\":\"search_term_string\"}}],\"inLanguage\":\"vi\"}]}<\/script>\n<!-- \/ Yoast SEO plugin. -->","yoast_head_json":{"title":"B\u00e1nh Kem B\u1eafp l 02 - TI\u1ec6M B\u00c1NH BA CON G\u1ea4U","description":"B\u00e1nh kem b\u1eafp l\u00e0m t\u1eeb s\u00f4 c\u00f4 la tr\u1eafng tinh t\u1ebf. B\u00ean trong m\u1ed7i c\u00e1nh hoa l\u00e0 m\u1ed9t lo\u1ea1i topping th\u01a1m ngon mang m\u00e0u s\u1eafc ri\u00eang bi\u1ec7t.","robots":{"index":"index","follow":"follow","max-snippet":"max-snippet:-1","max-image-preview":"max-image-preview:large","max-video-preview":"max-video-preview:-1"},"canonical":"https:\/\/tiembanhbacongau.azdigi.shop\/?product=banh-kem-bap-l-02","og_locale":"vi_VN","og_type":"article","og_title":"B\u00e1nh Kem B\u1eafp l 02 - TI\u1ec6M B\u00c1NH BA CON G\u1ea4U","og_description":"B\u00e1nh kem b\u1eafp l\u00e0m t\u1eeb s\u00f4 c\u00f4 la tr\u1eafng tinh t\u1ebf. B\u00ean trong m\u1ed7i c\u00e1nh hoa l\u00e0 m\u1ed9t lo\u1ea1i topping th\u01a1m ngon mang m\u00e0u s\u1eafc ri\u00eang bi\u1ec7t.","og_url":"https:\/\/tiembanhbacongau.azdigi.shop\/?product=banh-kem-bap-l-02","og_site_name":"TI\u1ec6M B\u00c1NH BA CON G\u1ea4U","article_modified_time":"2026-04-12T06:42:24+00:00","og_image":[{"width":1113,"height":1106,"url":"https:\/\/tiembanhbacongau.azdigi.shop\/wp-content\/uploads\/2026\/03\/482013923_974567294764086_4416418399676470686_n-e1772863702129.jpg","type":"image\/jpeg"}],"twitter_card":"summary_large_image","twitter_misc":{"\u01af\u1edbc t\u00ednh th\u1eddi gian \u0111\u1ecdc":"2 ph\u00fat"},"schema":{"@context":"https:\/\/schema.org","@graph":[{"@type":"WebPage","@id":"https:\/\/tiembanhbacongau.azdigi.shop\/?product=banh-kem-bap-l-02","url":"https:\/\/tiembanhbacongau.azdigi.shop\/?product=banh-kem-bap-l-02","name":"B\u00e1nh Kem B\u1eafp l 02 - TI\u1ec6M B\u00c1NH BA CON G\u1ea4U","isPartOf":{"@id":"https:\/\/tiembanhbacongau.azdigi.shop\/#website"},"primaryImageOfPage":{"@id":"https:\/\/tiembanhbacongau.azdigi.shop\/?product=banh-kem-bap-l-02#primaryimage"},"image":{"@id":"https:\/\/tiembanhbacongau.azdigi.shop\/?product=banh-kem-bap-l-02#primaryimage"},"thumbnailUrl":"https:\/\/tiembanhbacongau.azdigi.shop\/wp-content\/uploads\/2026\/03\/482013923_974567294764086_4416418399676470686_n-e1772863702129.jpg","datePublished":"2026-03-29T04:33:23+00:00","dateModified":"2026-04-12T06:42:24+00:00","description":"B\u00e1nh kem b\u1eafp l\u00e0m t\u1eeb s\u00f4 c\u00f4 la tr\u1eafng tinh t\u1ebf. B\u00ean trong m\u1ed7i c\u00e1nh hoa l\u00e0 m\u1ed9t lo\u1ea1i topping th\u01a1m ngon mang m\u00e0u s\u1eafc ri\u00eang bi\u1ec7t.","breadcrumb":{"@id":"https:\/\/tiembanhbacongau.azdigi.shop\/?product=banh-kem-bap-l-02#breadcrumb"},"inLanguage":"vi","potentialAction":[{"@type":"ReadAction","target":["https:\/\/tiembanhbacongau.azdigi.shop\/?product=banh-kem-bap-l-02"]}]},{"@type":"ImageObject","inLanguage":"vi","@id":"https:\/\/tiembanhbacongau.azdigi.shop\/?product=banh-kem-bap-l-02#primaryimage","url":"https:\/\/tiembanhbacongau.azdigi.shop\/wp-content\/uploads\/2026\/03\/482013923_974567294764086_4416418399676470686_n-e1772863702129.jpg","contentUrl":"https:\/\/tiembanhbacongau.azdigi.shop\/wp-content\/uploads\/2026\/03\/482013923_974567294764086_4416418399676470686_n-e1772863702129.jpg","width":1113,"height":1106},{"@type":"BreadcrumbList","@id":"https:\/\/tiembanhbacongau.azdigi.shop\/?product=banh-kem-bap-l-02#breadcrumb","itemListElement":[{"@type":"ListItem","position":1,"name":"Trang ch\u1ee7","item":"https:\/\/tiembanhbacongau.azdigi.shop\/"},{"@type":"ListItem","position":2,"name":"S\u1ea2N PH\u1ea8M","item":"https:\/\/tiembanhbacongau.azdigi.shop\/?page_id=331"},{"@type":"ListItem","position":3,"name":"B\u00e1nh Kem B\u1eafp l 02"}]},{"@type":"WebSite","@id":"https:\/\/tiembanhbacongau.azdigi.shop\/#website","url":"https:\/\/tiembanhbacongau.azdigi.shop\/","name":"TI\u1ec6M KH\u00d4 X\u01afA","description":"","potentialAction":[{"@type":"SearchAction","target":{"@type":"EntryPoint","urlTemplate":"https:\/\/tiembanhbacongau.azdigi.shop\/?s={search_term_string}"},"query-input":{"@type":"PropertyValueSpecification","valueRequired":true,"valueName":"search_term_string"}}],"inLanguage":"vi"}]}},"jetpack_sharing_enabled":true,"_links":{"self":[{"href":"https:\/\/tiembanhbacongau.azdigi.shop\/index.php?rest_route=\/wp\/v2\/product\/366","targetHints":{"allow":["GET"]}}],"collection":[{"href":"https:\/\/tiembanhbacongau.azdigi.shop\/index.php?rest_route=\/wp\/v2\/product"}],"about":[{"href":"https:\/\/tiembanhbacongau.azdigi.shop\/index.php?rest_route=\/wp\/v2\/types\/product"}],"replies":[{"embeddable":true,"href":"https:\/\/tiembanhbacongau.azdigi.shop\/index.php?rest_route=%2Fwp%2Fv2%2Fcomments&post=366"}],"wp:featuredmedia":[{"embeddable":true,"href":"https:\/\/tiembanhbacongau.azdigi.shop\/index.php?rest_route=\/wp\/v2\/media\/241"}],"wp:attachment":[{"href":"https:\/\/tiembanhbacongau.azdigi.shop\/index.php?rest_route=%2Fwp%2Fv2%2Fmedia&parent=366"}],"wp:term":[{"taxonomy":"product_brand","embeddable":true,"href":"https:\/\/tiembanhbacongau.azdigi.shop\/index.php?rest_route=%2Fwp%2Fv2%2Fproduct_brand&post=366"},{"taxonomy":"product_cat","embeddable":true,"href":"https:\/\/tiembanhbacongau.azdigi.shop\/index.php?rest_route=%2Fwp%2Fv2%2Fproduct_cat&post=366"},{"taxonomy":"product_tag","embeddable":true,"href":"https:\/\/tiembanhbacongau.azdigi.shop\/index.php?rest_route=%2Fwp%2Fv2%2Fproduct_tag&post=366"}],"curies":[{"name":"wp","href":"https:\/\/api.w.org\/{rel}","templated":true}]}}